{"id":1788,"date":"2016-12-19T09:53:48","date_gmt":"2016-12-19T14:53:48","guid":{"rendered":"http:\/\/brigham.ca\/en\/?page_id=1788"},"modified":"2016-12-19T10:02:18","modified_gmt":"2016-12-19T15:02:18","slug":"activities-sports","status":"publish","type":"page","link":"https:\/\/brigham.ca\/en\/activities-sports\/","title":{"rendered":"Activities &#038; sports"},"content":{"rendered":"<p>[vc_row][vc_column][vc_custom_heading text=&#8221;Lessons&#8221; use_theme_fonts=&#8221;yes&#8221;][\/vc_column][\/vc_row][vc_row][vc_column][vc_column_text]<\/p>\n<p><span id=\"result_box\" class=\"\" lang=\"en\"><span class=\"\">The Brigham recreation committee offers a variety of courses and activities, including yoga, Zumba, tai-chi, dance and other courses for the general public.<\/span> <span class=\"\">The programming is published in the municipal bulletin in the spring and fall.<\/span><\/span><\/p>\n<p><span class=\"\">To make sure you do not miss anything, follow the Brigham recreation committee on Facebook.<\/span><\/p>\n<p><p><a href=\"https:\/\/www.facebook.com\/LoisirsBrigham\/\" class=\"c-button\" target=\"_blank\">Facebook Comit\u00e9 des loisirs<\/a><\/p>\n[\/vc_column_text][\/vc_column][\/vc_row][vc_row][vc_column][vc_custom_heading text=&#8221;Brigham Soccer League&#8221; use_theme_fonts=&#8221;yes&#8221;][\/vc_column][\/vc_row][vc_row][vc_column el_class=&#8221;center&#8221;]<img src=\"https:\/\/brigham.ca\/wp-content\/uploads\/Soccer_collage.png\" class=\"\"  alt=\"\">[\/vc_column][\/vc_row][vc_row][vc_column][vc_column_text]<span id=\"result_box\" class=\"\" lang=\"en\"><span title=\"L\u2019\u00e9t\u00e9 le Comit\u00e9 des Loisirs organise une ligue de soccer pour les enfants de 4 \u00e0 12 ans.\">In summer, the recreation committee organizes a soccer league for children aged from 4 to 12 years old. <\/span><span title=\"Les enfants sont s\u00e9par\u00e9s en 3 groupes selon leurs \u00e2ges.\">The children are separated into 3 groups according to their ages. <\/span><span title=\"Les parents et ados sont bienvenus comme entraineurs b\u00e9n\u00e9voles! \">Parents and teens are welcome to volunteer as coaches!<\/span><\/span><\/p>\n<h2>The groups<\/h2>\n<p><span id=\"result_box\" class=\"\" lang=\"en\"><span title=\"Groupe 1: Initiation au soccer \">Group 1: Introduction to soccer<br \/>\n<\/span><span title=\"Destin\u00e9 aux enfants de 3 \u00e0 5 ans qui vivent leur premi\u00e8re exp\u00e9rience de jeu en groupe.\">Aimed at children ages 3 to 5 who live their first experience of team play. <\/span><span title=\"Les cours durent 45 minutes et ont pour but de familiariser l'enfant au contact du ballon et aux notions de base du soccer et du jeu en groupe.\">The courses last 45 minutes and are designed to familiarize the child with the ball and the basics of soccer and group play. <\/span><span title=\"Le tout se fait \u00e0 l'aide de jeux o\u00f9 la contribution du parent peut \u00eatre sollicit\u00e9e. \">All this is done using games where the contribution of the parent can be solicited.<\/span><\/span><\/p>\n<p><span id=\"result_box\" class=\"\" lang=\"en\"><span title=\"Groupe 2: Groupe interm\u00e9diaire \">Group 2: Intermediate Group<br \/>\n<\/span><span title=\"Destin\u00e9 aux enfants de 5 \u00e0 7 ans.\">For children from 5 to 7 years old. <\/span><span title=\"Les cours durent 1 heure et se terminent par une partie de soccer de 10-15 minutes.\">Classes last 1 hour and end with a 10-15 minute soccer game. <\/span><span title=\"Les participants sont amen\u00e9s \u00e0 d\u00e9velopper leurs habilet\u00e9s \u00e0 manier le ballon par le biais de jeux et de parcours.\">Participants develop their skills in handling the ball through games and exercises. <\/span><span title=\"Ils renforcent \u00e9galement leur capacit\u00e9 \u00e0 jouer en \u00e9quipe. \">They also enhance their ability to play as a team.<\/span><\/span><\/p>\n<p><span id=\"result_box\" class=\"\" lang=\"en\"><span title=\"Groupe 3: Groupe avanc\u00e9 \">Group 3: Advanced Group<br \/>\n<\/span><span title=\"Destin\u00e9 aux enfants ayant d\u00e9j\u00e0 jou\u00e9 au soccer (+ de 7 ans) et qui connaissent bien les r\u00e8glements de base du soccer.\">For kids who have played soccer (over 7 years old) and who are familiar with basic soccer rules. <\/span><span title=\"La dur\u00e9e des cours varie entre 1 h et 1 h 30. \">The duration of the courses varies between 1 h and 1 h 30.<br \/>\n<\/span><\/span><\/p>\n<h2>Information<\/h2>\n<p><span id=\"result_box\" class=\"\" lang=\"en\"><span title=\"Bo\u00eete vocale du Comit\u00e9 des Loisirs: (450) 266-0651 \">Recreation committee Voice Box: (450) 266-0651<\/span><\/span><\/p>\n<p>Courriel:\u00a0<a href=\"mailto:loisirsbrigham@gmail.com\">loisirsbrigham@gmail.com<\/a>[\/vc_column_text][\/vc_column][\/vc_row]<\/p>\n","protected":false},"excerpt":{"rendered":"<p>[vc_row][vc_column][vc_custom_heading text=&#8221;Lessons&#8221; use_theme_fonts=&#8221;yes&#8221;][\/vc_column][\/vc_row][vc_row][vc_column][vc_column_text] The Brigham recreation committee offers a variety of courses and activities, including yoga, Zumba, tai-chi, dance and other courses for the general public. The programming is published in the municipal bulletin in the spring and fall. To make sure you do not miss anything, follow the Brigham recreation committee on Facebook. [\/vc_column_text][\/vc_column][\/vc_row][vc_row][vc_column][vc_custom_heading [&hellip;]<\/p>\n","protected":false},"author":3,"featured_media":0,"parent":0,"menu_order":0,"comment_status":"closed","ping_status":"closed","template":"","meta":[],"_links":{"self":[{"href":"https:\/\/brigham.ca\/en\/wp-json\/wp\/v2\/pages\/1788"}],"collection":[{"href":"https:\/\/brigham.ca\/en\/wp-json\/wp\/v2\/pages"}],"about":[{"href":"https:\/\/brigham.ca\/en\/wp-json\/wp\/v2\/types\/page"}],"author":[{"embeddable":true,"href":"https:\/\/brigham.ca\/en\/wp-json\/wp\/v2\/users\/3"}],"replies":[{"embeddable":true,"href":"https:\/\/brigham.ca\/en\/wp-json\/wp\/v2\/comments?post=1788"}],"version-history":[{"count":3,"href":"https:\/\/brigham.ca\/en\/wp-json\/wp\/v2\/pages\/1788\/revisions"}],"predecessor-version":[{"id":1791,"href":"https:\/\/brigham.ca\/en\/wp-json\/wp\/v2\/pages\/1788\/revisions\/1791"}],"wp:attachment":[{"href":"https:\/\/brigham.ca\/en\/wp-json\/wp\/v2\/media?parent=1788"}],"curies":[{"name":"wp","href":"https:\/\/api.w.org\/{rel}","templated":true}]}}