{"id":1794,"date":"2016-12-19T10:04:25","date_gmt":"2016-12-19T15:04:25","guid":{"rendered":"http:\/\/brigham.ca\/en\/?page_id=1794"},"modified":"2016-12-19T16:04:53","modified_gmt":"2016-12-19T21:04:53","slug":"public-notices","status":"publish","type":"page","link":"https:\/\/brigham.ca\/en\/public-notices\/","title":{"rendered":"Public notices"},"content":{"rendered":"<p>[vc_row][vc_column]<div class=\"c-article-list m-has-icon\"><div class=\"c-content-box\"><div class=\"article-list-inner\"><i class=\"ico-shadow tp tp-bullhorn\"><\/i><h2 class=\"article-list-title\"><i class=\"ico tp tp-bullhorn\"><\/i><a href=\"https:\/\/brigham.ca\/en\/news\/\">Public notices<\/a><\/h2><div class=\"article-list-content\"><article class=\"brief-article\"><h3 class=\"article-title\"><a href=\"https:\/\/brigham.ca\/en\/next-bulky-garbage-collection-friday-april-23-2021\/\">Next bulky garbage collection &#8211; Friday, April 23, 2021<\/a><\/h3><div class=\"article-date\">8 April 2021<\/div><\/article><article class=\"brief-article\"><h3 class=\"article-title\"><a href=\"https:\/\/brigham.ca\/en\/offre-demploi-technicien-gestion-contractuelle-et-approvisionnement\/\">Offre d\u2019emploi \u2013 Technicien &#8211; Gestion contractuelle et approvisionnement<\/a><\/h3><div class=\"article-date\">5 February 2021<\/div><\/article><article class=\"brief-article\"><h3 class=\"article-title\"><a href=\"https:\/\/brigham.ca\/en\/offre-demploi-adjointe-a-la-comptabilite-et-au-secretariat-4\/\">Offre d&#8217;emploi: Adjoint(e) \u00e0 la comptabilit\u00e9 et au secr\u00e9tariat<\/a><\/h3><div class=\"article-date\">17 April 2026<\/div><\/article><article class=\"brief-article\"><h3 class=\"article-title\"><a href=\"https:\/\/brigham.ca\/en\/offre-demploi-etudiante-aide-a-la-voirie-et-a-ladministration\/\">Offre d&#8217;emploi &#8211; \u00e9tudiant(e): Aide \u00e0 la voirie et \u00e0 l&#8217;administration<\/a><\/h3><div class=\"article-date\">17 April 2026<\/div><\/article><article class=\"brief-article\"><h3 class=\"article-title\"><a href=\"https:\/\/brigham.ca\/en\/avis-public-tenue-prochaine-27-avril-2026-dune-assemblee-publique-de-consultation-concernant-le-reglement-2026-04-relatif-a-loccupation-et-lentretien-des-batiments\/\">Avis public: tenue prochaine (27 avril 2026) d&#8217;une assembl\u00e9e publique de consultation concernant le R\u00e8glement 2026-04 relatif \u00e0 l&#8217;occupation et l&#8217;entretien des b\u00e2timents<\/a><\/h3><div class=\"article-date\">16 April 2026<\/div><\/article><article class=\"brief-article\"><h3 class=\"article-title\"><a href=\"https:\/\/brigham.ca\/en\/avis-public-projet-dordre-du-jour-seance-extraordinaire-du-17-avril-2026\/\">Avis public: projet d\u2019ordre du jour \u2013 s\u00e9ance extraordinaire du 17 avril 2026<\/a><\/h3><div class=\"article-date\">14 April 2026<\/div><\/article><article class=\"brief-article\"><h3 class=\"article-title\"><a href=\"https:\/\/brigham.ca\/en\/avis-public-dadoption-prochaine-le-5-mai-2026-du-reglement-numero-2026-03-edictant-le-code-dethique-et-de-deontologie-des-elues-municipaux\/\">Avis public d&#8217;adoption prochaine, le 5 mai 2026, du r\u00e8glement num\u00e9ro 2026-03 \u00e9dictant le code d&#8217;\u00e9thique et de d\u00e9ontologie des \u00e9lu(e)s municipaux<\/a><\/h3><div class=\"article-date\">14 April 2026<\/div><\/article><article class=\"brief-article\"><h3 class=\"article-title\"><a href=\"https:\/\/brigham.ca\/en\/avis-public-projet-de-reglement-numero-2026-04-relatif-a-loccupation-et-lentretien-des-batiments\/\">Avis public: projet de r\u00e8glement num\u00e9ro 2026-04 relatif \u00e0 l&#8217;occupation et l&#8217;entretien des b\u00e2timents<\/a><\/h3><div class=\"article-date\">10 April 2026<\/div><\/article><article class=\"brief-article\"><h3 class=\"article-title\"><a href=\"https:\/\/brigham.ca\/en\/avis-public-projet-de-reglement-numero-2026-03-edictant-le-code-dethique-et-de-deontologie-des-eluses-municipaux\/\">Avis public: projet de r\u00e8glement num\u00e9ro 2026-03 \u00e9dictant le code d&#8217;\u00e9thique et de d\u00e9ontologie des \u00e9lus(e)s municipaux<\/a><\/h3><div class=\"article-date\">10 April 2026<\/div><\/article><article class=\"brief-article\"><h3 class=\"article-title\"><a href=\"https:\/\/brigham.ca\/en\/avis-public-de-promulgation-de-ladoption-du-reglement-numero-2026-02-modifiant-le-reglement-numero-2018-02-relatif-a-la-gestion-contractuelle\/\">Avis public de promulgation de l\u2019adoption du R\u00e8glement num\u00e9ro 2026-02 modifiant le r\u00e8glement num\u00e9ro 2018-02 relatif \u00e0 la gestion contractuelle<\/a><\/h3><div class=\"article-date\">9 April 2026<\/div><\/article><article class=\"brief-article\"><h3 class=\"article-title\"><a href=\"https:\/\/brigham.ca\/en\/reglement-numero-2026-02-modifiant-le-reglement-numero-2018-02-relatif-a-la-gestion-contractuelle\/\">R\u00e8glement num\u00e9ro 2026-02 modifiant le r\u00e8glement num\u00e9ro 2018-02 relatif \u00e0 la gestion contractuelle<\/a><\/h3><div class=\"article-date\">9 April 2026<\/div><\/article><article class=\"brief-article\"><h3 class=\"article-title\"><a href=\"https:\/\/brigham.ca\/en\/avis-public-de-promulgation-de-ladoption-du-reglement-numero-2026-01-concernant-la-circulation-et-le-stationnement-rm-330\/\">Avis public de promulgation de l\u2019adoption du R\u00e8glement num\u00e9ro 2026-01 concernant la circulation et le stationnement (RM-330)<\/a><\/h3><div class=\"article-date\">9 April 2026<\/div><\/article><article class=\"brief-article\"><h3 class=\"article-title\"><a href=\"https:\/\/brigham.ca\/en\/reglement-numero-2026-01-concernant-la-circulation-et-le-stationnement-rm-330\/\">R\u00e8glement num\u00e9ro 2026-01 concernant la circulation et le stationnement (RM-330)<\/a><\/h3><div class=\"article-date\">9 April 2026<\/div><\/article><article class=\"brief-article\"><h3 class=\"article-title\"><a href=\"https:\/\/brigham.ca\/en\/pour-adoption-le-7-avril-2026-reglement-numero-2026-01-concernant-la-circulation-et-le-stationnement-rm-330\/\">Pour adoption le 7 avril 2026: r\u00e8glement num\u00e9ro 2026-01 concernant la circulation et le stationnement (RM-330)<\/a><\/h3><div class=\"article-date\">1 April 2026<\/div><\/article><article class=\"brief-article\"><h3 class=\"article-title\"><a href=\"https:\/\/brigham.ca\/en\/pour-adoption-le-7-avril-2026-reglement-numero-2026-02-modifiant-le-reglement-numero-2018-02-relatif-a-la-gestion-contractuelle\/\">Pour adoption le 7 avril 2026: r\u00e8glement num\u00e9ro 2026-02 modifiant le r\u00e8glement num\u00e9ro 2018-02 relatif \u00e0 la gestion contractuelle<\/a><\/h3><div class=\"article-date\">1 April 2026<\/div><\/article><article class=\"brief-article\"><h3 class=\"article-title\"><a href=\"https:\/\/brigham.ca\/en\/avis-public-projet-dordre-du-jour-seance-ordinaire-du-7-avril-2026\/\">Avis public: projet d\u2019ordre du jour \u2013 s\u00e9ance ordinaire du 7 avril 2026<\/a><\/h3><div class=\"article-date\">1 April 2026<\/div><\/article><article class=\"brief-article\"><h3 class=\"article-title\"><a href=\"https:\/\/brigham.ca\/en\/avis-public-demande-de-derogation-mineure-dm-2026-02\/\">Avis public : demande de d\u00e9rogation mineure DM 2026-02<\/a><\/h3><div class=\"article-date\">20 March 2026<\/div><\/article><article class=\"brief-article\"><h3 class=\"article-title\"><a href=\"https:\/\/brigham.ca\/en\/avis-public-demande-de-derogation-mineure-dm-2025-04\/\">Avis public : demande de d\u00e9rogation mineure DM 2025-04<\/a><\/h3><div class=\"article-date\">20 March 2026<\/div><\/article><article class=\"brief-article\"><h3 class=\"article-title\"><a href=\"https:\/\/brigham.ca\/en\/avis-public-projet-dordre-du-jour-seance-ordinaire-du-3-mars-2026\/\">Avis public: projet d\u2019ordre du jour \u2013 s\u00e9ance ordinaire du 3 mars 2026<\/a><\/h3><div class=\"article-date\">3 March 2026<\/div><\/article><article class=\"brief-article\"><h3 class=\"article-title\"><a href=\"https:\/\/brigham.ca\/en\/avis-public-autorisation-de-demolition-lot-6-519-614\/\">Avis public: autorisation de d\u00e9molition &#8211; lot 6 519 614<\/a><\/h3><div class=\"article-date\">24 February 2026<\/div><\/article><article class=\"brief-article\"><h3 class=\"article-title\"><a href=\"https:\/\/brigham.ca\/en\/avis-public-avis-de-depot-du-role-general-de-perception-des-taxes-et-des-compensations-pour-lannee-2026\/\">Avis public: Avis de d\u00e9p\u00f4t du r\u00f4le g\u00e9n\u00e9ral de perception des taxes et des compensations pour l\u2019ann\u00e9e 2026<\/a><\/h3><div class=\"article-date\">16 February 2026<\/div><\/article><article class=\"brief-article\"><h3 class=\"article-title\"><a href=\"https:\/\/brigham.ca\/en\/avis-public-projet-dordre-du-jour-seance-ordinaire-du-3-fevrier-2026\/\">Avis public: projet d\u2019ordre du jour \u2013 s\u00e9ance ordinaire du 3 f\u00e9vrier 2026<\/a><\/h3><div class=\"article-date\">2 February 2026<\/div><\/article><p class=\"more-btn-holder\"><a href=\"https:\/\/brigham.ca\/en\/news\/\">View archived public notices<\/a><\/p><\/div><\/div><\/div><\/div>[\/vc_column][\/vc_row]<\/p>\n","protected":false},"excerpt":{"rendered":"<p>[vc_row][vc_column][\/vc_column][\/vc_row]<\/p>\n","protected":false},"author":3,"featured_media":0,"parent":0,"menu_order":0,"comment_status":"closed","ping_status":"closed","template":"","meta":[],"_links":{"self":[{"href":"https:\/\/brigham.ca\/en\/wp-json\/wp\/v2\/pages\/1794"}],"collection":[{"href":"https:\/\/brigham.ca\/en\/wp-json\/wp\/v2\/pages"}],"about":[{"href":"https:\/\/brigham.ca\/en\/wp-json\/wp\/v2\/types\/page"}],"author":[{"embeddable":true,"href":"https:\/\/brigham.ca\/en\/wp-json\/wp\/v2\/users\/3"}],"replies":[{"embeddable":true,"href":"https:\/\/brigham.ca\/en\/wp-json\/wp\/v2\/comments?post=1794"}],"version-history":[{"count":2,"href":"https:\/\/brigham.ca\/en\/wp-json\/wp\/v2\/pages\/1794\/revisions"}],"predecessor-version":[{"id":1923,"href":"https:\/\/brigham.ca\/en\/wp-json\/wp\/v2\/pages\/1794\/revisions\/1923"}],"wp:attachment":[{"href":"https:\/\/brigham.ca\/en\/wp-json\/wp\/v2\/media?parent=1794"}],"curies":[{"name":"wp","href":"https:\/\/api.w.org\/{rel}","templated":true}]}}