{"id":1796,"date":"2016-12-19T10:34:15","date_gmt":"2016-12-19T15:34:15","guid":{"rendered":"http:\/\/brigham.ca\/en\/?page_id=1796"},"modified":"2016-12-19T16:04:33","modified_gmt":"2016-12-19T21:04:33","slug":"library","status":"publish","type":"page","link":"https:\/\/brigham.ca\/en\/library\/","title":{"rendered":"Library"},"content":{"rendered":"<p>[vc_row][vc_column][vc_custom_heading text=&#8221;Brigham Municipal Library&#8221; use_theme_fonts=&#8221;yes&#8221;][\/vc_column][\/vc_row][vc_row][vc_column][vc_column_text]<span id=\"result_box\" class=\"\" lang=\"en\" tabindex=\"-1\"><span class=\"\">The Municipality of Brigham invites you to explore the municipal library located in the Town Hall at 118, avenue des C\u00e8dres.<\/span><\/span><\/p>\n<p><span class=\"\">The library offers two computers and wireless high-speed Internet access and a multifunction printer.<\/span><\/p>\n<p><span class=\"\">The library is accessible to people with reduced mobility.<\/span>[\/vc_column_text][\/vc_column][\/vc_row][vc_row][vc_column el_class=&#8221;center&#8221;]<img src=\"https:\/\/brigham.ca\/wp-content\/uploads\/Biblioth\u00e8que-Brigham-480x360.jpg\" class=\"\"  alt=\"\">[\/vc_column][\/vc_row][vc_row][vc_column][vc_column_text]<\/p>\n<h2>Library shedule<\/h2>\n<p><span id=\"result_box\" class=\"\" lang=\"en\" tabindex=\"-1\">Monday from 6:30 pm to 8:30 pm<br \/>\nWednesday from 6:30 pm to 8:30 pm<br \/>\n<span class=\"\">Saturday from 9:30 am to 11:30 am<\/span><\/span><\/p>\n<h2>The book collection<\/h2>\n<p><span id=\"result_box\" class=\"\" lang=\"en\" tabindex=\"-1\"><span class=\"\">More than 4000 books, reviews and other documents are available on site.<\/span> <span class=\"\">An English section is also available.<\/span><\/span><\/p>\n<p><span class=\"\">The Brigham Library is a member of the R\u00e9seau Biblio du Qu\u00e9bec, Mont\u00e9r\u00e9gie section.<\/span> <span class=\"\">Its subscribers have access to more than 600,000 titles of all kinds via the &#8220;Inter Biblio&#8221; service, in both French and English.<\/span><\/p>\n<h2>Membership<\/h2>\n<p><span id=\"result_box\" class=\"\" lang=\"en\" tabindex=\"-1\">Membership is free for residents of Brigham.<\/span><\/p>\n<p><span class=\"\">For eligible non-residents: please contact the Coordinator for more information.<\/span><\/p>\n<h2><span id=\"result_box\" class=\"short_text\" lang=\"en\" tabindex=\"-1\"><span class=\"\">Loan Policy<\/span><\/span><\/h2>\n<p><span id=\"result_box\" class=\"\" lang=\"en\" tabindex=\"-1\">7 documents per user.<br \/>\nThe duration of the loan is 3 weeks.<br \/>\n<span class=\"\">NB. There is a $ 2 fee to loan books from the &#8220;best seller&#8221; section (3-week loan)<\/span><\/span><\/p>\n<h2>Printing services<\/h2>\n<p><span id=\"result_box\" class=\"\" lang=\"en\" tabindex=\"-1\"><span class=\"\">Library users have access to a multifunction printer for printing, photocopying and scanning.<\/span><\/span><\/p>\n<p><span class=\"\">In addition to being operated from the two computer in the library, you can operate this device from your laptop, your tablet, and even from your smartphone.<\/span><\/p>\n<p><span class=\"\">A user guide is available on site.<\/span><\/p>\n<h4>Prices :<\/h4>\n<p><span id=\"result_box\" class=\"\" lang=\"en\" tabindex=\"-1\">Color printing: 0.10 $<br \/>\n<span class=\"\">Black and white printing: $ 0.05<\/span><br \/>\nDigitization: free<\/span><\/p>\n<h2>History<\/h2>\n<p><span id=\"result_box\" class=\"\" lang=\"en\" tabindex=\"-1\"><span class=\"\">The Brigham Municipal Library was established in January 1992 and has benefited from sustained investments over the years.<\/span> <span class=\"\">A volunteer committee has been in charge of the library and its management from the beginning.<\/span>\u00a0A group of <span class=\"\">volunteers meet each year to provide services to the public, to inform subscribers of new services, to answer questions and to assist them in their researches.<\/span><\/span><\/p>\n<h2>Biblio-Aidants<\/h2>\n<p><span id=\"result_box\" class=\"\" lang=\"en\" tabindex=\"-1\"><span class=\"\">The Biblio-Aidants program now offers 15 thematic workbooks free of charge .<\/span><br \/>\n<span class=\"\">Network libraries now offer information and comfort to members of their community.<\/span> <span class=\"\">Nearly 600 titles in the Biblio-Aidants Collection, including several books in digital format, are accessible through your municipal library or through the interlibrary loan service offered by your library.<\/span><\/span><\/p>\n<p><span id=\"result_box\" class=\"short_text\" lang=\"en\" tabindex=\"-1\"><span class=\"\">To learn more about the program:<\/span><\/span>\u00a0<p><a href=\"http:\/\/biblioaidants.ca\/\" class=\"c-button\" target=\"_blank\">Biblio-Aidants<\/a><\/p>\n<\/p>\n<h2><span id=\"result_box\" class=\"short_text\" lang=\"en\" tabindex=\"-1\"><span class=\"\">Contact information<\/span><\/span><\/h2>\n<p><span id=\"result_box\" class=\"\" lang=\"en\" tabindex=\"-1\">Coordinator: C\u00e9line Vaillancourt<br \/>\n118, avenue des C\u00e8dres<br \/>\nBrigham, Quebec, J2K 4K4,<br \/>\n<span class=\"\">Phone: (450) 266-0500,<\/span><br \/>\n<span class=\"\">Website: <a href=\"http:\/\/www.reseaubiblioduquebec.qc.ca\" target=\"_blank\">http:\/\/www.reseaubiblioduquebec.qc.ca<\/a><\/span><\/span>[\/vc_column_text][\/vc_column][\/vc_row]<\/p>\n","protected":false},"excerpt":{"rendered":"<p>[vc_row][vc_column][vc_custom_heading text=&#8221;Brigham Municipal Library&#8221; use_theme_fonts=&#8221;yes&#8221;][\/vc_column][\/vc_row][vc_row][vc_column][vc_column_text]The Municipality of Brigham invites you to explore the municipal library located in the Town Hall at 118, avenue des C\u00e8dres. The library offers two computers and wireless high-speed Internet access and a multifunction printer. The library is accessible to people with reduced mobility.[\/vc_column_text][\/vc_column][\/vc_row][vc_row][vc_column el_class=&#8221;center&#8221;][\/vc_column][\/vc_row][vc_row][vc_column][vc_column_text] Library shedule Monday from 6:30 pm [&hellip;]<\/p>\n","protected":false},"author":3,"featured_media":0,"parent":0,"menu_order":0,"comment_status":"closed","ping_status":"closed","template":"","meta":[],"_links":{"self":[{"href":"https:\/\/brigham.ca\/en\/wp-json\/wp\/v2\/pages\/1796"}],"collection":[{"href":"https:\/\/brigham.ca\/en\/wp-json\/wp\/v2\/pages"}],"about":[{"href":"https:\/\/brigham.ca\/en\/wp-json\/wp\/v2\/types\/page"}],"author":[{"embeddable":true,"href":"https:\/\/brigham.ca\/en\/wp-json\/wp\/v2\/users\/3"}],"replies":[{"embeddable":true,"href":"https:\/\/brigham.ca\/en\/wp-json\/wp\/v2\/comments?post=1796"}],"version-history":[{"count":2,"href":"https:\/\/brigham.ca\/en\/wp-json\/wp\/v2\/pages\/1796\/revisions"}],"predecessor-version":[{"id":1922,"href":"https:\/\/brigham.ca\/en\/wp-json\/wp\/v2\/pages\/1796\/revisions\/1922"}],"wp:attachment":[{"href":"https:\/\/brigham.ca\/en\/wp-json\/wp\/v2\/media?parent=1796"}],"curies":[{"name":"wp","href":"https:\/\/api.w.org\/{rel}","templated":true}]}}