{"id":1804,"date":"2016-12-19T11:09:54","date_gmt":"2016-12-19T16:09:54","guid":{"rendered":"http:\/\/brigham.ca\/en\/?page_id=1804"},"modified":"2016-12-19T11:10:24","modified_gmt":"2016-12-19T16:10:24","slug":"recreation-committee","status":"publish","type":"page","link":"https:\/\/brigham.ca\/en\/recreation-committee\/","title":{"rendered":"Recreation committee"},"content":{"rendered":"<p>[vc_row][vc_column][vc_custom_heading text=&#8221;Brigham Recreation committee&#8221; use_theme_fonts=&#8221;yes&#8221;][\/vc_column][\/vc_row][vc_row][vc_column][vc_column_text]<\/p>\n<p style=\"text-align: justify;\"><span id=\"result_box\" class=\"\" lang=\"en\" tabindex=\"-1\"><span title=\"Le Comit\u00e9 des Loisirs de Brigham est compos\u00e9 de sept membres qui se r\u00e9unissent une fois par mois.\">The Brigham Recreation committee is made up of seven members who meet once a month. <\/span><span title=\"Ensemble, avec des b\u00e9n\u00e9voles, le Comit\u00e9 des Loisirs de Brigham organise des activit\u00e9s pour les brigamois et brigamoises. \">Together with volunteers, the Brigham Recreation committee organizes activities for Brigham citizens.<\/span><\/span><\/p>\n<p><span title=\"Le b\u00e2timent des Loisirs est situ\u00e9 au 100, avenue du Parc \u00e0 Brigham (en arri\u00e8re de l\u2019H\u00f4tel de Ville). \">The Recreation building is located at 100, avenue du Parc in Brigham (behind the City Hall).<\/span><\/p>\n<h2 style=\"text-align: justify;\"><span id=\"result_box\" class=\"\" lang=\"en\" tabindex=\"-1\"><span title=\"Assembl\u00e9e g\u00e9n\u00e9rale annuelle \">Annual General Meeting<\/span><\/span><\/h2>\n<p style=\"text-align: justify;\"><span id=\"result_box\" class=\"\" lang=\"en\" tabindex=\"-1\"><span title=\"La prochaine assembl\u00e9e g\u00e9n\u00e9rale annuelle du Comit\u00e9 des Loisirs de Brigham (1974) inc.\">The Recreation committee holds an annual general meeting to elect its members. This meeting is open to the public and anyone that is eligible can be elected.\u00a0<\/span><span title=\"Vous pouvez consulter l'ordre du jour en cliquant sur le lien suivant: Ordre du jour \"><br \/>\n<\/span><\/span><\/p>\n<h2 style=\"text-align: justify;\">Recreation building rental<\/h2>\n<p style=\"text-align: justify;\"><span id=\"result_box\" class=\"\" lang=\"en\" tabindex=\"-1\"><span title=\"Il est possible de louer la salle dans le b\u00e2timent des loisirs pour des mariages, des fun\u00e9railles et des f\u00eates.\">It is possible to rent recreation building for weddings, funerals and parties. <\/span><span title=\"La salle peut accommoder entre 100 et 150 personnes.\">The room can accommodate between 100 and 150 people. <\/span><span title=\"Le co\u00fbt est de 135.00 $.\">The cost is $ 135.00. <\/span><span title=\"Pour plus d'information, contactez madame Louise Giroux au (450) 263-1482. \">For more information, contact Ms Louise Giroux at (450) 263-1482.<\/span><\/span><\/p>\n<p><span title=\"Vous avez des id\u00e9es pour des \u00e9v\u00e9nements ou des activit\u00e9s?\">Do you have ideas for events or activities? <\/span><span title=\"Vous voulez \u00eatre b\u00e9n\u00e9vole?\">Want to be a volunteer? <\/span><span title=\"Vous voulez former une \u00e9quipe?\">You want to form a team? <\/span><span title=\"Laissez-nous un message au (450) 266-0651 ou envoyez-nous un courriel au loisirsbrigham@gmail.com. \">Leave us a message at (450) 266-0651 or send us an email at\u00a0<a href=\"mailto:loisirsbrigham@gmail.com\">loisirsbrigham@gmail.com<\/a>.<\/span>[\/vc_column_text][\/vc_column][\/vc_row][vc_row][vc_column el_class=&#8221;.center&#8221;]<img src=\"https:\/\/brigham.ca\/wp-content\/uploads\/CLB_Logo.png\" class=\" .center\"  alt=\"\">[\/vc_column][\/vc_row]<\/p>\n","protected":false},"excerpt":{"rendered":"<p>[vc_row][vc_column][vc_custom_heading text=&#8221;Brigham Recreation committee&#8221; use_theme_fonts=&#8221;yes&#8221;][\/vc_column][\/vc_row][vc_row][vc_column][vc_column_text] The Brigham Recreation committee is made up of seven members who meet once a month. Together with volunteers, the Brigham Recreation committee organizes activities for Brigham citizens. The Recreation building is located at 100, avenue du Parc in Brigham (behind the City Hall). Annual General Meeting The Recreation committee holds [&hellip;]<\/p>\n","protected":false},"author":3,"featured_media":0,"parent":0,"menu_order":0,"comment_status":"closed","ping_status":"closed","template":"","meta":[],"_links":{"self":[{"href":"https:\/\/brigham.ca\/en\/wp-json\/wp\/v2\/pages\/1804"}],"collection":[{"href":"https:\/\/brigham.ca\/en\/wp-json\/wp\/v2\/pages"}],"about":[{"href":"https:\/\/brigham.ca\/en\/wp-json\/wp\/v2\/types\/page"}],"author":[{"embeddable":true,"href":"https:\/\/brigham.ca\/en\/wp-json\/wp\/v2\/users\/3"}],"replies":[{"embeddable":true,"href":"https:\/\/brigham.ca\/en\/wp-json\/wp\/v2\/comments?post=1804"}],"version-history":[{"count":2,"href":"https:\/\/brigham.ca\/en\/wp-json\/wp\/v2\/pages\/1804\/revisions"}],"predecessor-version":[{"id":1806,"href":"https:\/\/brigham.ca\/en\/wp-json\/wp\/v2\/pages\/1804\/revisions\/1806"}],"wp:attachment":[{"href":"https:\/\/brigham.ca\/en\/wp-json\/wp\/v2\/media?parent=1804"}],"curies":[{"name":"wp","href":"https:\/\/api.w.org\/{rel}","templated":true}]}}