{"id":1826,"date":"2016-12-19T13:54:18","date_gmt":"2016-12-19T18:54:18","guid":{"rendered":"http:\/\/brigham.ca\/en\/?page_id=1826"},"modified":"2023-02-09T11:05:54","modified_gmt":"2023-02-09T16:05:54","slug":"waste-management","status":"publish","type":"page","link":"https:\/\/brigham.ca\/en\/waste-management\/","title":{"rendered":"Waste management"},"content":{"rendered":"<p>[vc_row][vc_column][vc_custom_heading text=&#8221;Residual waste&#8221; use_theme_fonts=&#8221;yes&#8221;][\/vc_column][\/vc_row][vc_row][vc_column][vc_column_text]<span id=\"result_box\" class=\"\" lang=\"en\" tabindex=\"-1\"><span class=\"\">The management of residual materials is a major stake for the preservation of our environment.<\/span> <span class=\"\">Selective sorting, waste reduction at the source, individual composting are things that matter, and we all have a role to play.<\/span><\/span><\/p>\n<p><span class=\"\">This page gives you all the necessary information to make an efficient sorting and allow you to dispose the different materials in the right place.<\/span><\/p>\n<p><a href=\"https:\/\/brigham.ca\/wp-content\/uploads\/Calendrier-2023-pdf.jpg\" class=\"c-button\">2023 calendar<\/a><\/p>\n\n<p>[\/vc_column][\/vc_row][vc_row][vc_column][vc_custom_heading text=&#8221;How to dispose of certain materials&#8221; use_theme_fonts=&#8221;yes&#8221;][\/vc_column][\/vc_row][vc_row][vc_column]<div class=\"c-feature\"><div class=\"c-content-box\"><div class=\"feature-inner\"><i class=\"feature-icon fa fa-car\"><\/i><h3 class=\"feature-title\">Tires<\/h3><div class=\"feature-content\"><div id=\"lipsum\"><span id=\"result_box\" class=\"\" lang=\"en\" tabindex=\"-1\"><span class=\"\">The Brome-Missisquoi eco-centers are the right place to dispose of your rimless tires.<\/span> <span class=\"\">You can consult their website to get all the information on their operation by following the following link:<\/span><\/span>\u00a0<a href=\"https:\/\/mrcbm.qc.ca\/en\/eco_accueil.php\">\u00c9cocentres<\/a><\/div>\n<\/div><\/div><\/div><\/div><div class=\"c-feature\"><div class=\"c-content-box\"><div class=\"feature-inner\"><i class=\"feature-icon fa fa-wrench\"><\/i><h3 class=\"feature-title\">Construction materials<\/h3><div class=\"feature-content\"><div id=\"lipsum\"><span id=\"result_box\" class=\"\" lang=\"en\" tabindex=\"-1\">It is forbidden to dispose of construction materials in household waste. <span class=\"\">Some of these materials are recovered free of charge from the Ecocentres.<\/span> <span class=\"\">For more information on accepted materials, follow this link<\/span><\/span>: <a href=\"https:\/\/mrcbm.qc.ca\/en\/eco_acceptes.php\">Accepted materials<\/a>\u00a0(Shingles not accepted)<\/div>\n<\/div><\/div><\/div><\/div><div class=\"c-feature\"><div class=\"c-content-box\"><div class=\"feature-inner\"><i class=\"feature-icon fa fa-exclamation-triangle\"><\/i><h3 class=\"feature-title\">Household hazardous waste (HHW) <\/h3><div class=\"feature-content\"><div id=\"lipsum\">\n<p><span id=\"result_box\" class=\"\" lang=\"en\" tabindex=\"-1\"><span class=\"\">Household Hazardous Waste (HHW) are products that are used in your home and are hazardous to health and the environment.<\/span> <span class=\"\">These products should not be disposed of in garbage or in sewage or sewage systems because they contaminate the environment.<\/span><\/span><\/p>\n<p><span class=\"\">The HHW&#8217;s are identified on the labels by the following pictograms:<\/span><\/p>\n<p style=\"text-align: justify;\"><img loading=\"lazy\" class=\"alignnone size-full wp-image-512\" src=\"https:\/\/brigham.ca\/wp-content\/uploads\/RDD.jpg\" alt=\"RDD\" width=\"331\" height=\"76\" \/><\/p>\n<p><span id=\"result_box\" class=\"\" lang=\"en\" tabindex=\"-1\"><span class=\"\">The majority of HHWs in their original containers can be brought to the Ecocentres, however it is preferable to consult the list of HHWs that are accepted before going to the site, you will find it by following the following link:<\/span><\/span>\u00a0<a href=\"https:\/\/mrcbm.qc.ca\/en\/eco_mat_rdd.php\">Accepted HHW&#8217;S<\/a><\/p>\n<p style=\"text-align: justify;\"><span id=\"result_box\" class=\"\" lang=\"en\" tabindex=\"-1\"><span class=\"\">In addition, some HHW&#8217;s are picked up by businesses in our region, ask them.<\/span><\/span><\/p>\n<\/div>\n<\/div><\/div><\/div><\/div><div class=\"c-feature\"><div class=\"c-content-box\"><div class=\"feature-inner\"><i class=\"feature-icon fa fa-tree\"><\/i><h3 class=\"feature-title\">Christmas trees<\/h3><div class=\"feature-content\"><div id=\"lipsum\">\n<p style=\"text-align: justify;\"><span id=\"result_box\" class=\"\" lang=\"en\" tabindex=\"-1\"><span class=\"\">Every year, the Municipality of Brigham organizes a door-to-door collection to collect the Christmas trees.<\/span> <span class=\"\">Consult the collection calendar to find out the date.<\/span><\/span><\/p>\n<p><span class=\"\">Other options: It is also possible to carry your tree, at low cost, to the Recuperation 2000 sorting center located at 133 Dryden Street in Cowansville.<\/span> <span class=\"\">In addition, the RIEDSBM (landfill site) located at 2500, rang Saint-Joseph in Cowansville accepts fir trees (charges may apply).<\/span><\/p>\n<p><span class=\"\">At all times, it is important to remove all decorations.<\/span><\/p>\n<\/div>\n<\/div><\/div><\/div><\/div><div class=\"c-feature\"><div class=\"c-content-box\"><div class=\"feature-inner\"><i class=\"feature-icon fa fa-leaf\"><\/i><h3 class=\"feature-title\">Leaves and cut grass (Grasscycling)<\/h3><div class=\"feature-content\"><div id=\"lipsum\">\n<p><span id=\"result_box\" class=\"\" lang=\"en\" tabindex=\"-1\">Every year, the Municipality of Brigham organizes a collection of leaves. <span class=\"\">Consult the collection calendar to find out the dates.<\/span><\/span><\/p>\n<p><span class=\"\">You can also bring your leaves to the Brome-Missisquoi Intermediate Solid Waste Disposal Board (R.I.E.D.S.B.M.).<\/span><\/p>\n<p><span class=\"\">Since it is forbidden to throw your grass clippings in the garbage, the Municipality invites you to Grasscycle.<\/span> Grasscycling<span class=\"\">\u00a0is the action of leaving the cut grass and leaves on the ground when mowing.<\/span> <span class=\"\">To consult the brochure of the Brome-Missisquoi MRC <a href=\"https:\/\/mrcbm.qc.ca\/en\/residu_herbicylclage.php\">click here for more information<\/a>.<\/span><\/p>\n<\/div>\n<\/div><\/div><\/div><\/div><div class=\"c-feature\"><div class=\"c-content-box\"><div class=\"feature-inner\"><i class=\"feature-icon fa fa-trash\"><\/i><h3 class=\"feature-title\">Compostable materials<\/h3><div class=\"feature-content\"><p><span id=\"result_box\" class=\"\" lang=\"en\" tabindex=\"-1\"><span class=\"\">Compostable materials include table and garden scraps.<\/span> <span class=\"\">This material category accounts for nearly 60% of the buried residential materials.<\/span> <span class=\"\">This is why it is important to develop various programs to enhance them rather than bury them.<\/span><\/span><\/p>\n<p><span class=\"\">For more information, see the <a href=\"http:\/\/mrcbm.qc.ca\/en\/residu_compost.php?\" target=\"_blank\" rel=\"noopener noreferrer\">Home Recovery Guide<\/a>.<\/span><\/p>\n<\/div><\/div><\/div><\/div><div class=\"c-feature\"><div class=\"c-content-box\"><div class=\"feature-inner\"><i class=\"feature-icon fa fa-laptop\"><\/i><h3 class=\"feature-title\">Electronic products<\/h3><div class=\"feature-content\"><p>Electronic products that are not longer useable can be recycled <strong>FREE of charge<\/strong> simply by taking used products to an <strong>official EPRA-Quebec drop-off point<\/strong>.<\/p>\n<p><strong><a href=\"https:\/\/www.recyclemyelectronics.ca\/qc\/where-can-i-recycle\/\">Find an ARPE-Qu\u00e9bec drop-off point near you<\/a>.\u00a0<\/strong><\/p>\n<\/div><\/div><\/div><\/div><div class=\"c-feature\"><div class=\"c-content-box\"><div class=\"feature-inner\"><i class=\"feature-icon fa fa-battery-full\"><\/i><h3 class=\"feature-title\">Batteries<\/h3><div class=\"feature-content\"><div id=\"lipsum\">\n<p>Batteries are collected at the Town Hall.<\/p>\n<p>In addition, several businesses in the region also collect batteries, see below<\/p>\n<\/div>\n<\/div><\/div><\/div><\/div><div class=\"c-feature\"><div class=\"c-content-box\"><div class=\"feature-inner\"><h3 class=\"feature-title\">\u201c\u00c7a va o\u00f9?`` - RECYC-QU\u00c9BEC<\/h3><div class=\"feature-content\"><div id=\"lipsum\">\n<p>Using the \u201c\u00c7a va o\u00f9? search tool at <a href=\"Https:\/\/www.recyc-quebec.gouv.qc.ca\/points-de-recuperation\">Https:\/\/www.recyc-quebec.gouv.qc.ca\/points-de-recuperation<\/a>, select the name of the municipality and then indicate the type of product or material to be disposed of.<\/p>\n<p>The application will help you find the nearest drop-off location or ecocentre that accepts the product in question.<\/p>\n<\/div>\n<\/div><\/div><\/div><\/div>[\/vc_column][\/vc_row]<\/p>\n","protected":false},"excerpt":{"rendered":"<p>[vc_row][vc_column][vc_custom_heading text=&#8221;Residual waste&#8221; use_theme_fonts=&#8221;yes&#8221;][\/vc_column][\/vc_row][vc_row][vc_column][vc_column_text]The management of residual materials is a major stake for the preservation of our environment. Selective sorting, waste reduction at the source, individual composting are things that matter, and we all have a role to play. This page gives you all the necessary information to make an efficient sorting and allow you [&hellip;]<\/p>\n","protected":false},"author":3,"featured_media":0,"parent":0,"menu_order":0,"comment_status":"closed","ping_status":"closed","template":"","meta":[],"_links":{"self":[{"href":"https:\/\/brigham.ca\/en\/wp-json\/wp\/v2\/pages\/1826"}],"collection":[{"href":"https:\/\/brigham.ca\/en\/wp-json\/wp\/v2\/pages"}],"about":[{"href":"https:\/\/brigham.ca\/en\/wp-json\/wp\/v2\/types\/page"}],"author":[{"embeddable":true,"href":"https:\/\/brigham.ca\/en\/wp-json\/wp\/v2\/users\/3"}],"replies":[{"embeddable":true,"href":"https:\/\/brigham.ca\/en\/wp-json\/wp\/v2\/comments?post=1826"}],"version-history":[{"count":19,"href":"https:\/\/brigham.ca\/en\/wp-json\/wp\/v2\/pages\/1826\/revisions"}],"predecessor-version":[{"id":11102,"href":"https:\/\/brigham.ca\/en\/wp-json\/wp\/v2\/pages\/1826\/revisions\/11102"}],"wp:attachment":[{"href":"https:\/\/brigham.ca\/en\/wp-json\/wp\/v2\/media?parent=1826"}],"curies":[{"name":"wp","href":"https:\/\/api.w.org\/{rel}","templated":true}]}}