{"id":1828,"date":"2016-12-19T14:05:03","date_gmt":"2016-12-19T19:05:03","guid":{"rendered":"http:\/\/brigham.ca\/en\/?page_id=1828"},"modified":"2016-12-20T09:35:39","modified_gmt":"2016-12-20T14:35:39","slug":"contact-us","status":"publish","type":"page","link":"https:\/\/brigham.ca\/en\/contact-us\/","title":{"rendered":"Contact us"},"content":{"rendered":"<p>[vc_row][vc_column width=&#8221;1\/2&#8243;]<div class=\"c-feature\"><div class=\"c-content-box\"><div class=\"feature-inner\"><i class=\"feature-icon tp tp-flag\"><\/i><h3 class=\"feature-title\">Town Hall<\/h3><div class=\"feature-content\"><p>118, avenue des C\u00e8dres<br \/>\nBrigham, QC J2K 4K4<br \/>\nPhone: (450) 263-5942<br \/>\nEmail: <a href=\"mailto:info@brigham.ca\">info@brigham.ca<\/a><br \/>\nBusiness hours:<\/p>\n<table>\n<tbody>\n<tr>\n<td><span id=\"result_box\" class=\"short_text\" lang=\"en\" tabindex=\"-1\"><span class=\"\">Monday to Friday<\/span><\/span><\/td>\n<td><span id=\"result_box\" class=\"short_text\" lang=\"en\" tabindex=\"-1\"><span class=\"\">8:30 am to 4:30 pm<\/span><\/span><\/td>\n<\/tr>\n<\/tbody>\n<\/table>\n<\/div><\/div><\/div><\/div>[vc_empty_space height=&#8221;15px&#8221;]<div class=\"c-feature\"><div class=\"c-content-box\"><div class=\"feature-inner\"><i class=\"feature-icon tp tp-fire\"><\/i><h3 class=\"feature-title\">Fire services<\/h3><div class=\"feature-content\"><p>194, chemin Adamsville<br \/>\nBromont, QC J2L 2Y9<br \/>\nPhone: 450 534-4777<br \/>\n<span id=\"result_box\" class=\"short_text\" lang=\"en\" tabindex=\"-1\"><span class=\"\">Emergencies: 911<\/span><\/span><\/p>\n<\/div><\/div><\/div><\/div>[\/vc_column][vc_column width=&#8221;1\/2&#8243;]<div class=\"c-feature\"><div class=\"c-content-box\"><div class=\"feature-inner\"><i class=\"feature-icon tp tp-library2\"><\/i><h3 class=\"feature-title\">Municipal library<\/h3><div class=\"feature-content\"><p>118, avenue des C\u00e8dres<br \/>\nBrigham, QC J2K 4K4<br \/>\nPhone: (450) 266-0500<br \/>\nEmail: <a href=\"mailto:brigham@reseaubibliomonteregie.qc.ca\" data-bind=\"attr:{'href': 'mailto:' + current().Contact.Courriel}, text: current().Contact.Courriel\">brigham@reseaubibliomonteregie.qc.ca<\/a><br \/>\nOpening hours:<\/p>\n<table>\n<tbody>\n<tr>\n<td>Monday and wednesday<\/td>\n<td><span id=\"result_box\" class=\"short_text\" lang=\"en\" tabindex=\"-1\"><span class=\"\">6:30 pm &#8211; 8:30 pm<\/span><\/span><\/td>\n<\/tr>\n<tr>\n<td>Saturday<\/td>\n<td>9.30 am to 11.30 am<\/td>\n<\/tr>\n<\/tbody>\n<\/table>\n<\/div><\/div><\/div><\/div><div class=\"c-feature\"><div class=\"c-content-box\"><div class=\"feature-inner\"><i class=\"feature-icon tp tp-shield\"><\/i><h3 class=\"feature-title\">S\u00fbret\u00e9 du Qu\u00e9bec MRC Brome Missisquoi<\/h3><div class=\"feature-content\"><p><span class=\"_Xbe\">2733, rue Principale<br \/>\nDunham, QC J0E 1M0<\/span><br \/>\nPhone: <span class=\"_Xbe _ZWk kno-fv\"><span data-dtype=\"d3ph\">(450) 266-1122<\/span><\/span><br \/>\nEmergencies: 911<\/p>\n<\/div><\/div><\/div><\/div>[\/vc_column][\/vc_row][vc_row][vc_column][vc_custom_heading text=&#8221;Please send us your comments, ideas or suggestions.&#8221; use_theme_fonts=&#8221;yes&#8221;]<hr class=\"c-separator m-default m-margin-top-medium m-margin-bottom-medium\"><div role=\"form\" class=\"wpcf7\" id=\"wpcf7-f1950-o1\" lang=\"fr-FR\" dir=\"ltr\">\n<div class=\"screen-reader-response\"><p role=\"status\" aria-live=\"polite\" aria-atomic=\"true\"><\/p> <ul><\/ul><\/div>\n<form action=\"\/en\/wp-json\/wp\/v2\/pages\/1828#wpcf7-f1950-o1\" method=\"post\" class=\"wpcf7-form init\" novalidate=\"novalidate\" data-status=\"init\">\n<div style=\"display: none;\">\n<input type=\"hidden\" name=\"_wpcf7\" value=\"1950\" \/>\n<input type=\"hidden\" name=\"_wpcf7_version\" value=\"5.6.4\" \/>\n<input type=\"hidden\" name=\"_wpcf7_locale\" value=\"fr_FR\" \/>\n<input type=\"hidden\" name=\"_wpcf7_unit_tag\" value=\"wpcf7-f1950-o1\" \/>\n<input type=\"hidden\" name=\"_wpcf7_container_post\" value=\"0\" \/>\n<input type=\"hidden\" name=\"_wpcf7_posted_data_hash\" value=\"\" \/>\n<input type=\"hidden\" name=\"_wpcf7_recaptcha_response\" value=\"\" \/>\n<\/div>\n<p>Your name<br \/>\n    <span class=\"wpcf7-form-control-wrap\" data-name=\"your-name\"><input type=\"text\" name=\"your-name\" value=\"\" size=\"40\" class=\"wpcf7-form-control wpcf7-text wpcf7-validates-as-required\" aria-required=\"true\" aria-invalid=\"false\" \/><\/span> <\/p>\n<p>Your email<br \/>\n    <span class=\"wpcf7-form-control-wrap\" data-name=\"your-email\"><input type=\"email\" name=\"your-email\" value=\"\" size=\"40\" class=\"wpcf7-form-control wpcf7-text wpcf7-email wpcf7-validates-as-required wpcf7-validates-as-email\" aria-required=\"true\" aria-invalid=\"false\" \/><\/span> <\/p>\n<p>Subject<br \/>\n    <span class=\"wpcf7-form-control-wrap\" data-name=\"your-subject\"><input type=\"text\" name=\"your-subject\" value=\"\" size=\"40\" class=\"wpcf7-form-control wpcf7-text wpcf7-validates-as-required\" aria-required=\"true\" aria-invalid=\"false\" \/><\/span> <\/p>\n<p>Your message<br \/>\n    <span class=\"wpcf7-form-control-wrap\" data-name=\"your-message\"><textarea name=\"your-message\" cols=\"40\" rows=\"10\" class=\"wpcf7-form-control wpcf7-textarea\" aria-invalid=\"false\"><\/textarea><\/span> <\/p>\n<p><input type=\"submit\" value=\"Submit\" class=\"wpcf7-form-control has-spinner wpcf7-submit\" \/><\/p>\n<div class=\"wpcf7-response-output\" aria-hidden=\"true\"><\/div><\/form><\/div>[\/vc_column][\/vc_row][vc_row][vc_column][vc_gmaps link=&#8221;#E-8_JTNDaWZyYW1lJTIwc3JjJTNEJTIyaHR0cHMlM0ElMkYlMkZ3d3cuZ29vZ2xlLmNvbSUyRm1hcHMlMkZlbWJlZCUzRnBiJTNEJTIxMW0xNCUyMTFtMTIlMjExbTMlMjExZDIwMDcuMDcwODA2OTQ1NDUxMyUyMTJkLTcyLjg0NTYwMjAyNTk2ODkzJTIxM2Q0NS4yNDgzNTgzMzE0OTI3OTYlMjEybTMlMjExZjAlMjEyZjAlMjEzZjAlMjEzbTIlMjExaTEwMjQlMjEyaTc2OCUyMTRmMTMuMSUyMTVlMSUyMTNtMiUyMTFzZnIlMjEyc2NhJTIxNHYxNDc4Mjg2NzQ5NjgxJTIyJTIwd2lkdGglM0QlMjI2MDAlMjIlMjBoZWlnaHQlM0QlMjI0NTAlMjIlMjBmcmFtZWJvcmRlciUzRCUyMjAlMjIlMjBzdHlsZSUzRCUyMmJvcmRlciUzQTAlMjIlMjBhbGxvd2Z1bGxzY3JlZW4lM0UlM0MlMkZpZnJhbWUlM0U=&#8221;][\/vc_column][\/vc_row]<\/p>\n","protected":false},"excerpt":{"rendered":"<p>[vc_row][vc_column width=&#8221;1\/2&#8243;][vc_empty_space height=&#8221;15px&#8221;][\/vc_column][vc_column width=&#8221;1\/2&#8243;][\/vc_column][\/vc_row][vc_row][vc_column][vc_custom_heading text=&#8221;Please send us your comments, ideas or suggestions.&#8221; use_theme_fonts=&#8221;yes&#8221;][\/vc_column][\/vc_row][vc_row][vc_column][vc_gmaps link=&#8221;#E-8_JTNDaWZyYW1lJTIwc3JjJTNEJTIyaHR0cHMlM0ElMkYlMkZ3d3cuZ29vZ2xlLmNvbSUyRm1hcHMlMkZlbWJlZCUzRnBiJTNEJTIxMW0xNCUyMTFtMTIlMjExbTMlMjExZDIwMDcuMDcwODA2OTQ1NDUxMyUyMTJkLTcyLjg0NTYwMjAyNTk2ODkzJTIxM2Q0NS4yNDgzNTgzMzE0OTI3OTYlMjEybTMlMjExZjAlMjEyZjAlMjEzZjAlMjEzbTIlMjExaTEwMjQlMjEyaTc2OCUyMTRmMTMuMSUyMTVlMSUyMTNtMiUyMTFzZnIlMjEyc2NhJTIxNHYxNDc4Mjg2NzQ5NjgxJTIyJTIwd2lkdGglM0QlMjI2MDAlMjIlMjBoZWlnaHQlM0QlMjI0NTAlMjIlMjBmcmFtZWJvcmRlciUzRCUyMjAlMjIlMjBzdHlsZSUzRCUyMmJvcmRlciUzQTAlMjIlMjBhbGxvd2Z1bGxzY3JlZW4lM0UlM0MlMkZpZnJhbWUlM0U=&#8221;][\/vc_column][\/vc_row]<\/p>\n","protected":false},"author":3,"featured_media":0,"parent":0,"menu_order":0,"comment_status":"closed","ping_status":"closed","template":"","meta":[],"_links":{"self":[{"href":"https:\/\/brigham.ca\/en\/wp-json\/wp\/v2\/pages\/1828"}],"collection":[{"href":"https:\/\/brigham.ca\/en\/wp-json\/wp\/v2\/pages"}],"about":[{"href":"https:\/\/brigham.ca\/en\/wp-json\/wp\/v2\/types\/page"}],"author":[{"embeddable":true,"href":"https:\/\/brigham.ca\/en\/wp-json\/wp\/v2\/users\/3"}],"replies":[{"embeddable":true,"href":"https:\/\/brigham.ca\/en\/wp-json\/wp\/v2\/comments?post=1828"}],"version-history":[{"count":3,"href":"https:\/\/brigham.ca\/en\/wp-json\/wp\/v2\/pages\/1828\/revisions"}],"predecessor-version":[{"id":1951,"href":"https:\/\/brigham.ca\/en\/wp-json\/wp\/v2\/pages\/1828\/revisions\/1951"}],"wp:attachment":[{"href":"https:\/\/brigham.ca\/en\/wp-json\/wp\/v2\/media?parent=1828"}],"curies":[{"name":"wp","href":"https:\/\/api.w.org\/{rel}","templated":true}]}}