{"id":1855,"date":"2016-12-19T14:51:17","date_gmt":"2016-12-19T19:51:17","guid":{"rendered":"http:\/\/brigham.ca\/en\/?page_id=1855"},"modified":"2016-12-19T14:51:17","modified_gmt":"2016-12-19T19:51:17","slug":"waste-collection-sectors","status":"publish","type":"page","link":"https:\/\/brigham.ca\/en\/waste-collection-sectors\/","title":{"rendered":"Waste Collection Sectors"},"content":{"rendered":"<p>[vc_row][vc_column][vc_custom_heading text=&#8221;Waste Collection Sectors&#8221; use_theme_fonts=&#8221;yes&#8221;][\/vc_column][\/vc_row][vc_row][vc_column]<div class=\"c-content-box m-forced\">Unable to locate map with id: 4<\/div>[\/vc_column][\/vc_row][vc_row][vc_column]<hr class=\"c-separator m-default m-margin-top-medium m-margin-bottom-medium\">[\/vc_column][vc_column width=&#8221;1\/2&#8243; el_class=&#8221;center&#8221;][vc_column_text]<\/p>\n<p style=\"text-align: center;\"><span style=\"color: #99cc00;\"><b>GREEN :\u00a0<\/b><\/span>Sector I<\/p>\n<p>[\/vc_column_text][\/vc_column][vc_column width=&#8221;1\/2&#8243; el_class=&#8221;center&#8221;][vc_column_text]<\/p>\n<p style=\"text-align: center;\"><span style=\"color: #ff6600;\"><strong>ORANGE :<\/strong><\/span> Sector II<\/p>\n<p>[\/vc_column_text][\/vc_column][\/vc_row][vc_row][vc_column width=&#8221;1\/4&#8243;][vc_column_text]<\/p>\n<h3>Sector I<\/h3>\n<ul>\n<li>Boul. Pierre Laporte<\/li>\n<li>Chemin Adamsville<\/li>\n<li>Chemin Aur\u00e8le<\/li>\n<li>Chemin Brousseau<\/li>\n<li>Chemin Bull Pond<\/li>\n<li>Chemin Cameron<\/li>\n<li>Chemin Chadsey<\/li>\n<li>Chemin Chapman<\/li>\n<li>Chemin Choini\u00e8re<\/li>\n<li>Chemin Coveduck<\/li>\n<li>Chemin Daigneault<\/li>\n<li>Chemin Dion<\/li>\n<li>Chemin Du Perron<\/li>\n<li>Chemin Farr<\/li>\n<li>Chemin Gasp\u00e9<\/li>\n<li>Chemin Hall\u00e9 E.<\/li>\n<li>Chemin Giard<\/li>\n<li>Chemin Gr\u00e9goire<\/li>\n<\/ul>\n<p>[\/vc_column_text][\/vc_column][vc_column width=&#8221;1\/4&#8243;][vc_column_text]<\/p>\n<h3><\/h3>\n<ul>\n<li>Chemin Horner<\/li>\n<li>Chemin Langevin<\/li>\n<li>Chemin L\u00e9ger<\/li>\n<li>Chemin Magenta Est<\/li>\n<li>Chemin Magenta Ouest<\/li>\n<li>Chemin Nord<\/li>\n<li>Chemin Redmile<\/li>\n<li>Chemin Smith<\/li>\n<li>Chemin T\u00e9treault<\/li>\n<li>Route 139<\/li>\n<li>Rue B\u00e9gin<\/li>\n<li>Rue Besner<\/li>\n<li>Rue Decelles<\/li>\n<li>Rue Fortin<\/li>\n<li>Rue Georges<\/li>\n<li>Rue Henri<\/li>\n<li>Rue Patrick<\/li>\n<li>Rue Roberge<\/li>\n<\/ul>\n<p>[\/vc_column_text][\/vc_column][vc_column width=&#8221;1\/4&#8243;][vc_column_text]<\/p>\n<h3>Sector II<\/h3>\n<ul>\n<li>Avenue des Bouleaux<\/li>\n<li>Avenue des C\u00e8dres<\/li>\n<li>Avenue des \u00c9rables<\/li>\n<li>Avenue des Noyers<\/li>\n<li>Avenue des Oliviers<\/li>\n<li>Avenue des Pins<\/li>\n<li>Avenue des Plaines<\/li>\n<li>Avenue des Saules<\/li>\n<li>Avenue du Cinquantenaire<\/li>\n<li>Avenue du Domaine<\/li>\n<li>Avenue du Parc<\/li>\n<li>Avenue Lasalle<\/li>\n<li>Avenue le Baron<\/li>\n<li>Avenue Lecavalier<\/li>\n<li>Avenue Martin<\/li>\n<li>Chemin Brookport<\/li>\n<li>Chemin Fordyce<\/li>\n<li>Chemin Gagn\u00e9<\/li>\n<li>Chemin Gaudreau<\/li>\n<li>Chemin Gingras<\/li>\n<li>Chemin Gordon<\/li>\n<li>Chemin Hall\u00e9 Ouest<\/li>\n<li>Chemin Lawrence<\/li>\n<li>Chemin Maple Dale<\/li>\n<li>Chemin Miltimore<\/li>\n<\/ul>\n<p>[\/vc_column_text][\/vc_column][vc_column width=&#8221;1\/4&#8243;][vc_column_text]<\/p>\n<h3><\/h3>\n<ul>\n<li>Chemin Rousseau<\/li>\n<li>Place Mystic<\/li>\n<li>Route 104<\/li>\n<li>Rue Annette<\/li>\n<li>Rue Boischatel<\/li>\n<li>Rue Chantal<\/li>\n<li>Rue Desjardins<\/li>\n<li>Rue Francine<\/li>\n<li>Rue de la Marquise<\/li>\n<li>Rue des Colibris<\/li>\n<li>Rue des Geais-Bleus<\/li>\n<li>Rue des Hirondelles<\/li>\n<li>Rue des Sittelles<\/li>\n<li>Rue Guay<\/li>\n<li>Rue Labrecque<\/li>\n<li>Rue Lacroix<\/li>\n<li>Rue L\u00e9andre<\/li>\n<li>Rue Mario<\/li>\n<li>Rue Meunier<\/li>\n<li>Rue Pascal<\/li>\n<li>Rue Patrice<\/li>\n<li>Rue Pothier<\/li>\n<li>Rue Simon<\/li>\n<li>Rue Solange<\/li>\n<li>Rue Yves<\/li>\n<\/ul>\n<p>[\/vc_column_text][\/vc_column][\/vc_row]<\/p>\n","protected":false},"excerpt":{"rendered":"<p>[vc_row][vc_column][vc_custom_heading text=&#8221;Waste Collection Sectors&#8221; use_theme_fonts=&#8221;yes&#8221;][\/vc_column][\/vc_row][vc_row][vc_column][\/vc_column][\/vc_row][vc_row][vc_column][\/vc_column][vc_column width=&#8221;1\/2&#8243; el_class=&#8221;center&#8221;][vc_column_text] GREEN :\u00a0Sector I [\/vc_column_text][\/vc_column][vc_column width=&#8221;1\/2&#8243; el_class=&#8221;center&#8221;][vc_column_text] ORANGE : Sector II [\/vc_column_text][\/vc_column][\/vc_row][vc_row][vc_column width=&#8221;1\/4&#8243;][vc_column_text] Sector I Boul. Pierre Laporte Chemin Adamsville Chemin Aur\u00e8le Chemin Brousseau Chemin Bull Pond Chemin Cameron Chemin Chadsey Chemin Chapman Chemin Choini\u00e8re Chemin Coveduck Chemin Daigneault Chemin Dion Chemin Du Perron Chemin Farr Chemin Gasp\u00e9 Chemin [&hellip;]<\/p>\n","protected":false},"author":3,"featured_media":0,"parent":0,"menu_order":0,"comment_status":"closed","ping_status":"closed","template":"","meta":[],"_links":{"self":[{"href":"https:\/\/brigham.ca\/en\/wp-json\/wp\/v2\/pages\/1855"}],"collection":[{"href":"https:\/\/brigham.ca\/en\/wp-json\/wp\/v2\/pages"}],"about":[{"href":"https:\/\/brigham.ca\/en\/wp-json\/wp\/v2\/types\/page"}],"author":[{"embeddable":true,"href":"https:\/\/brigham.ca\/en\/wp-json\/wp\/v2\/users\/3"}],"replies":[{"embeddable":true,"href":"https:\/\/brigham.ca\/en\/wp-json\/wp\/v2\/comments?post=1855"}],"version-history":[{"count":1,"href":"https:\/\/brigham.ca\/en\/wp-json\/wp\/v2\/pages\/1855\/revisions"}],"predecessor-version":[{"id":1856,"href":"https:\/\/brigham.ca\/en\/wp-json\/wp\/v2\/pages\/1855\/revisions\/1856"}],"wp:attachment":[{"href":"https:\/\/brigham.ca\/en\/wp-json\/wp\/v2\/media?parent=1855"}],"curies":[{"name":"wp","href":"https:\/\/api.w.org\/{rel}","templated":true}]}}