{"id":1857,"date":"2016-12-19T15:08:30","date_gmt":"2016-12-19T20:08:30","guid":{"rendered":"http:\/\/brigham.ca\/en\/?page_id=1857"},"modified":"2021-03-26T08:52:33","modified_gmt":"2021-03-26T12:52:33","slug":"public-safety","status":"publish","type":"page","link":"https:\/\/brigham.ca\/en\/public-safety\/","title":{"rendered":"Public safety"},"content":{"rendered":"<p>[vc_row][vc_column][vc_custom_heading text=&#8221;Emergency situations&#8221; use_theme_fonts=&#8221;yes&#8221;][\/vc_column][\/vc_row][vc_row][vc_column][vc_column_text]<\/p>\n<p style=\"text-align: justify;\"><strong>Learn what to do in case of an <a href=\"https:\/\/www.quebec.ca\/en\/public-safety-emergencies\/\">emergency<\/a>. (Urgence Qu\u00e9bec)<\/strong><\/p>\n<p style=\"text-align: justify;\"><strong><a href=\"http:\/\/www.securitepublique.gouv.qc.ca\/securite-civile\/se-preparer-aux-sinistres\/jeu-72-heures.html\" target=\"_blank\" rel=\"noopener noreferrer\">Test your knowledge<\/a> of your preparedness for emergencies.<\/strong><\/p>\n<p style=\"text-align: justify;\"><strong>For further information: 1-800-O-CANADA or Service Qu\u00e9bec: 1-877-644-4545.<\/strong><\/p>\n<h3 style=\"text-align: justify;\">Essential items in case of emergency<\/h3>\n<ul style=\"text-align: justify;\">\n<li>Basic needs item<\/li>\n<li>Evacuation-ready items<\/li>\n<li>Emergency kit for your car<\/li>\n<li>Pre-assembled kits<\/li>\n<\/ul>\n<p style=\"text-align: justify;\">For a list of essential items in case of an emergency, visit the\u00a0<a href=\"https:\/\/www.quebec.ca\/en\/public-safety-emergencies\/preparing-for-emergency\/how-prepare-at-home\/\">S\u00e9curit\u00e9 publique Qu\u00e9bec<\/a>.<\/p>\n<p>[\/vc_column_text][\/vc_column][\/vc_row][vc_row][vc_column][vc_column_text]<\/p>\n<h3 style=\"text-align: justify;\">Civil and public safety services<\/h3>\n<h4 style=\"text-align: justify;\">S\u00fbret\u00e9 du Qu\u00e9bec<\/h4>\n<p style=\"text-align: justify;\">The Municipality of Brigham is served by the S\u00fbret\u00e9 du Qu\u00e9bec, the MRC de Brome-Missisquoi section.<\/p>\n<p>Address: 2733, rue Principale Dunham (Qu\u00e9bec) J0E 1M0<br \/>\nPhone : (450) 266-1122<br \/>\nGeneral Information\u00a0: (450) 266-1122<br \/>\nOpening hours: 8:30 am to 4:30 pm every day<br \/>\n<a href=\"http:\/\/www.sq.gouv.qc.ca\/\">Website<\/a><\/p>\n<h4 style=\"text-align: justify;\">Fire Services<\/h4>\n<p style=\"text-align: justify;\">The Bromont Fire Department serves the municipalities of Brigham, Bromont and Saint-Alphonse-de-Granby.<\/p>\n<p>The fire stations are located at the following addresses:<br \/>\n\u2022 Fire station 1: 88, boulevard Bromont<br \/>\n\u2022 <strong>Fire station\u00a02: 194 Adamsville Street, Bromont (Adamsville)<\/strong><br \/>\n\u2022 Fire station 3: 15, rue du Ciel, Bromont<\/p>\n<p style=\"text-align: justify;\"><span class=\"block\"><strong>Emergencies : 9-1-1<\/strong><br \/>\nDirector : Mr Hugo Bri\u00e8re<br \/>\nPhone : (450) 534-4777<br \/>\nEmail :\u00a0<a href=\"mailto:incendie@bromont.com\">incendie@bromont.com<\/a><br \/>\n<a href=\"http:\/\/www.bromont.net\/services-aux-citoyens\/service-des-incendies\/\" target=\"_blank\" rel=\"noopener noreferrer\">Website<\/a><\/span><\/p>\n<h4 style=\"text-align: justify;\">Minist\u00e8re de la S\u00e9curit\u00e9 publique &#8211; S\u00e9curit\u00e9 incendie<\/h4>\n<p style=\"text-align: justify;\">This government ensures the implementation of measures and activities to prevent and mitigate risks in order to prevent the occurrence of a disaster affecting the safety of persons and causing damage to property where appropriate to facilitate a return to normal life.<\/p>\n<p style=\"text-align: justify;\"><a href=\"http:\/\/www.securitepublique.gouv.qc.ca\/securite-incendie.html\" target=\"_blank\" rel=\"noopener noreferrer\">Website<\/a><\/p>\n<h4 style=\"text-align: justify;\">Unit\u00e9 permanente anticorruption<\/h4>\n<p style=\"text-align: justify;\">L\u2019Unit\u00e9 permanente anticorruption (UPAC) is an organization that, under the responsibility of the Anti-Corruption Commissioner, coordinates and directs the forces and expertise in the government to fight corruption together.<\/p>\n<p style=\"text-align: justify;\">To report a possible crime: 1-888-444-1701<\/p>\n<p style=\"text-align: justify;\"><a href=\"https:\/\/www.upac.gouv.qc.ca\/\" target=\"_blank\" rel=\"noopener noreferrer\">Website<\/a><\/p>\n<h4 style=\"text-align: justify;\">Info-Crime<\/h4>\n<p style=\"text-align: justify;\">Phone: 1-800-711-1800<\/p>\n<p style=\"text-align: justify;\"><a href=\"https:\/\/echecaucrime.com\/\/\" target=\"_blank\" rel=\"noopener noreferrer\">Website<\/a><\/p>\n<h4 style=\"text-align: justify;\">Minist\u00e8re de la S\u00e9curit\u00e9 publique<\/h4>\n<p style=\"text-align: justify;\">The role of the Minist\u00e8re de la S\u00e9curit\u00e9 publique (MSP) is to reduce the vulnerability of Quebeckers, especially in the face of risks linked to crime and disasters. The MSP makes several <a href=\"http:\/\/www.securitepublique.gouv.qc.ca\/ministere\/programmes-services-formulaires.html\" target=\"_blank\" rel=\"noopener noreferrer\">aid programs<\/a> available to citizens.<\/p>\n<p style=\"text-align: justify;\">Phone: 1-866-644-6826<\/p>\n<p style=\"text-align: justify;\"><a href=\"https:\/\/www.sq.gouv.qc.ca\/en\/the-surete-du-quebec\/\">Website<\/a><\/p>\n<p>[\/vc_column_text][\/vc_column][\/vc_row]<\/p>\n","protected":false},"excerpt":{"rendered":"<p>[vc_row][vc_column][vc_custom_heading text=&#8221;Emergency situations&#8221; use_theme_fonts=&#8221;yes&#8221;][\/vc_column][\/vc_row][vc_row][vc_column][vc_column_text] Learn what to do in case of an emergency. (Urgence Qu\u00e9bec) Test your knowledge of your preparedness for emergencies. For further information: 1-800-O-CANADA or Service Qu\u00e9bec: 1-877-644-4545. Essential items in case of emergency Basic needs item Evacuation-ready items Emergency kit for your car Pre-assembled kits For a list of essential items [&hellip;]<\/p>\n","protected":false},"author":3,"featured_media":0,"parent":0,"menu_order":0,"comment_status":"closed","ping_status":"closed","template":"","meta":[],"_links":{"self":[{"href":"https:\/\/brigham.ca\/en\/wp-json\/wp\/v2\/pages\/1857"}],"collection":[{"href":"https:\/\/brigham.ca\/en\/wp-json\/wp\/v2\/pages"}],"about":[{"href":"https:\/\/brigham.ca\/en\/wp-json\/wp\/v2\/types\/page"}],"author":[{"embeddable":true,"href":"https:\/\/brigham.ca\/en\/wp-json\/wp\/v2\/users\/3"}],"replies":[{"embeddable":true,"href":"https:\/\/brigham.ca\/en\/wp-json\/wp\/v2\/comments?post=1857"}],"version-history":[{"count":3,"href":"https:\/\/brigham.ca\/en\/wp-json\/wp\/v2\/pages\/1857\/revisions"}],"predecessor-version":[{"id":8128,"href":"https:\/\/brigham.ca\/en\/wp-json\/wp\/v2\/pages\/1857\/revisions\/8128"}],"wp:attachment":[{"href":"https:\/\/brigham.ca\/en\/wp-json\/wp\/v2\/media?parent=1857"}],"curies":[{"name":"wp","href":"https:\/\/api.w.org\/{rel}","templated":true}]}}