{"id":1862,"date":"2016-12-19T15:48:41","date_gmt":"2016-12-19T20:48:41","guid":{"rendered":"http:\/\/brigham.ca\/en\/?page_id=1862"},"modified":"2018-11-09T08:33:17","modified_gmt":"2018-11-09T13:33:17","slug":"tourism","status":"publish","type":"page","link":"https:\/\/brigham.ca\/en\/tourism\/","title":{"rendered":"Tourism"},"content":{"rendered":"<p>[vc_row][vc_column][vc_custom_heading text=&#8221;Discover Brigham&#8221; font_container=&#8221;tag:h2|text_align:left|color:%23ff8800&#8243; use_theme_fonts=&#8221;yes&#8221;][\/vc_column][\/vc_row][vc_row][vc_column]<div class=\"c-feature\"><div class=\"c-content-box\"><div class=\"feature-inner\"><i class=\"feature-icon fa fa-compass \"><\/i><h3 class=\"feature-title\">The touristic portrait of Brigham<\/h3><div class=\"feature-content\"><div id=\"lipsum\">\n<p style=\"text-align: justify;\"><span title=\"Situ\u00e9e sur les rives de la rivi\u00e8re Yamaska au nord de Cowansville et \u00e0 proximit\u00e9 de Bromont Brigham s\u2019identifie encore de nos jours comme une r\u00e9gion agricole et touristique o\u00f9 habitent plus de 2400 personnes. \">Situated on the banks of the Yamaska \u200b\u200bRiver to the north of Cowansville and close to Bromont Brigham still stands today as an agricultural and tourist region where more than 2,400 people live.<\/span><\/p>\n<p><span title=\"L\u2019agrotourisme caract\u00e9rise la municipalit\u00e9.\">Agrotourism characterizes the municipality. <\/span><span title=\"Trois vignobles de la Route des vins de Brome-Missisquoi ont racine \u00e0 Brigham.\">Three vineyards of the Brome-Missisquoi Wine Route have roots in Brigham. <\/span><span title=\"Vignoble La Mission, Domaine Vitis et Vignoble de la Bauge.\">Vignoble La Mission, Domaine Vitis and Vignoble de la Bauge. <\/span><span title=\"Aux vignobles s\u2019ajoutent des \u00e9rabli\u00e8res, des fermes mara\u00eech\u00e8res, un \u00e9levage d\u2019\u00e9meus et un producteur d\u2019ail et plusieurs autres commerces. \">To the vineyards are added sugar bushes, vegetable farms, a breeding of emus and a producer of garlic and several other businesses.<\/span><\/p>\n<p><span title=\"La rivi\u00e8re Yamaska joue un r\u00f4le principal dans la toile de fond de Brigham.\">The Yamaska \u200b\u200bRiver plays a key role in the backdrop of Brigham. <\/span><span title=\"Deux ponts couverts soit le pont Balthazar construit en 1932 et le pont Decelles construit en 1932 traversent la rivi\u00e8re Yamaska et deux des quatre parcs municipaux, les parcs Claude-Piel et M. A. Fortin offrent une vue sur la rivi\u00e8re et sur le barrage Yamaska. \">Two covered bridges, the Balthazar Bridge built in 1932 and the Decelles Bridge built in 1932, cross the Yamaska \u200b\u200bRiver and two of the four municipal parks, Claude-Piel and M. A. Fortin parks offer views of the river and the Yamaska \u200b\u200bDam.<\/span><\/p>\n<p><span title=\"Qu\u2019on soit en v\u00e9lo, \u00e0 cheval ou en auto, on prend le temps de visiter Brigham, on aime s\u2019y attarder et on y revient!\">Whether by bike, horseback or car, we take the time to visit Brigham, we love to linger and come back!<\/span><\/p>\n<\/div>\n<\/div><\/div><\/div><\/div>[\/vc_column][\/vc_row][vc_row][vc_column][vc_column_text]Unable to locate map with id: 1[\/vc_column_text][\/vc_column][\/vc_row][vc_row][vc_column width=&#8221;1\/6&#8243; el_class=&#8221;center&#8221;][vc_column_text]<span style=\"color: #ff8800;\"><strong>L\u00e9gende<\/strong><\/span>[\/vc_column_text][\/vc_column][vc_column width=&#8221;1\/6&#8243; el_class=&#8221;center&#8221;]<img src=\"https:\/\/brigham.ca\/wp-content\/uploads\/Vignobles.png\" class=\"\"  alt=\"\">[vc_column_text]<\/p>\n<p style=\"text-align: center;\"><strong>Vineyards<\/strong><\/p>\n<p>[\/vc_column_text][\/vc_column][vc_column width=&#8221;1\/6&#8243; el_class=&#8221;center&#8221;]<img src=\"https:\/\/brigham.ca\/wp-content\/uploads\/Agriculture.png\" class=\"\"  alt=\"\">[vc_column_text]<\/p>\n<p style=\"text-align: center;\"><strong>Agriculture<br \/>\n<\/strong><\/p>\n<p>[\/vc_column_text][\/vc_column][vc_column width=&#8221;1\/6&#8243; el_class=&#8221;center&#8221;]<img src=\"https:\/\/brigham.ca\/wp-content\/uploads\/Art-artisanat.png\" class=\"\"  alt=\"\">[vc_column_text]<\/p>\n<p style=\"text-align: center;\"><strong>Arts &amp; crafts<br \/>\n<\/strong><\/p>\n<p>[\/vc_column_text][\/vc_column][vc_column width=&#8221;1\/6&#8243; el_class=&#8221;center&#8221;]<img src=\"https:\/\/brigham.ca\/wp-content\/uploads\/Attraits.png\" class=\"\"  alt=\"\">[vc_column_text]<\/p>\n<p style=\"text-align: center;\"><strong><span id=\"result_box\" class=\"short_text\" lang=\"en\" tabindex=\"-1\"><span class=\"\">Attractions<\/span><\/span><\/strong><\/p>\n<p>[\/vc_column_text][\/vc_column][vc_column width=&#8221;1\/6&#8243; el_class=&#8221;center&#8221;]<img src=\"https:\/\/brigham.ca\/wp-content\/uploads\/Services.png\" class=\"\"  alt=\"\">[vc_column_text]<\/p>\n<p style=\"text-align: center;\"><strong>Services<br \/>\n<\/strong><\/p>\n<p>[\/vc_column_text][\/vc_column][\/vc_row][vc_row][vc_column width=&#8221;1\/6&#8243; el_class=&#8221;center&#8221;][\/vc_column][vc_column width=&#8221;1\/6&#8243; el_class=&#8221;center&#8221;]<img src=\"https:\/\/brigham.ca\/wp-content\/uploads\/Gites.png\" class=\"\"  alt=\"\">[vc_column_text]<\/p>\n<p style=\"text-align: center;\"><strong>Inns<\/strong><\/p>\n<p>[\/vc_column_text][\/vc_column][vc_column width=&#8221;1\/6&#8243; el_class=&#8221;center&#8221;]<img src=\"https:\/\/brigham.ca\/wp-content\/uploads\/Magasins.png\" class=\"\"  alt=\"\">[vc_column_text]<\/p>\n<p style=\"text-align: center;\"><strong>Shops<\/strong><\/p>\n<p>[\/vc_column_text][\/vc_column][vc_column width=&#8221;1\/6&#8243; el_class=&#8221;center&#8221;]<img src=\"https:\/\/brigham.ca\/wp-content\/uploads\/Parcs.png\" class=\"\"  alt=\"\">[vc_column_text]<\/p>\n<p style=\"text-align: center;\"><strong>Parks<br \/>\n<\/strong><\/p>\n<p>[\/vc_column_text][\/vc_column][vc_column width=&#8221;1\/6&#8243; el_class=&#8221;center&#8221;]<img src=\"https:\/\/brigham.ca\/wp-content\/uploads\/Sentiers.png\" class=\"\"  alt=\"\">[vc_column_text]<\/p>\n<p style=\"text-align: center;\"><strong>Trails<\/strong><\/p>\n<p>[\/vc_column_text][\/vc_column][vc_column width=&#8221;1\/6&#8243; el_class=&#8221;center&#8221;]<img src=\"https:\/\/brigham.ca\/wp-content\/uploads\/Erablieres.png\" class=\"\"  alt=\"\">[vc_column_text]<\/p>\n<p style=\"text-align: center;\"><strong>Maple producers<\/strong><\/p>\n<p>[\/vc_column_text][\/vc_column][\/vc_row][vc_row][vc_column][vc_column_text]<div id=\"metaslider-id-483\" style=\"width: 100%; margin: 0 auto;\" class=\"ml-slider-3-107-0 metaslider metaslider-responsive metaslider-483 ml-slider has-dots-nav ms-theme-default\" role=\"region\" aria-label=\"Nouveau diaporama\" data-height=\"325\" data-width=\"750\">\n    <div id=\"metaslider_container_483\">\n        <ul id='metaslider_483' class='rslides'>\n            <li aria-roledescription='slide' aria-labelledby='slide-0'><img width=\"750\" height=\"325\" src=\"https:\/\/brigham.ca\/wp-content\/uploads\/barrage.jpg\" class=\"slider-483 slide-487 msDefaultImage\" alt=\"\" loading=\"lazy\" rel=\"\" title=\"\" srcset=\"https:\/\/brigham.ca\/wp-content\/uploads\/barrage.jpg 750w, https:\/\/brigham.ca\/wp-content\/uploads\/barrage-600x260.jpg 600w, https:\/\/brigham.ca\/wp-content\/uploads\/barrage-480x208.jpg 480w\" sizes=\"(max-width: 750px) 100vw, 750px\" \/><\/li>\n            <li style='display: none;' aria-roledescription='slide' aria-labelledby='slide-1'><img width=\"750\" height=\"325\" src=\"https:\/\/brigham.ca\/wp-content\/uploads\/bleu\u00e9ti\u00e8re.jpg\" class=\"slider-483 slide-488 msDefaultImage\" alt=\"\" loading=\"lazy\" rel=\"\" title=\"\" srcset=\"https:\/\/brigham.ca\/wp-content\/uploads\/bleu\u00e9ti\u00e8re.jpg 750w, https:\/\/brigham.ca\/wp-content\/uploads\/bleu\u00e9ti\u00e8re-600x260.jpg 600w, https:\/\/brigham.ca\/wp-content\/uploads\/bleu\u00e9ti\u00e8re-480x208.jpg 480w\" sizes=\"(max-width: 750px) 100vw, 750px\" \/><\/li>\n            <li style='display: none;' aria-roledescription='slide' aria-labelledby='slide-2'><img width=\"750\" height=\"325\" src=\"https:\/\/brigham.ca\/wp-content\/uploads\/chemin.jpg\" class=\"slider-483 slide-489 msDefaultImage\" alt=\"\" loading=\"lazy\" rel=\"\" title=\"\" srcset=\"https:\/\/brigham.ca\/wp-content\/uploads\/chemin.jpg 750w, https:\/\/brigham.ca\/wp-content\/uploads\/chemin-600x260.jpg 600w, https:\/\/brigham.ca\/wp-content\/uploads\/chemin-480x208.jpg 480w\" sizes=\"(max-width: 750px) 100vw, 750px\" \/><\/li>\n            <li style='display: none;' aria-roledescription='slide' aria-labelledby='slide-3'><img width=\"750\" height=\"325\" src=\"https:\/\/brigham.ca\/wp-content\/uploads\/pont-balthazard.jpg\" class=\"slider-483 slide-491 msDefaultImage\" alt=\"\" loading=\"lazy\" rel=\"\" title=\"\" srcset=\"https:\/\/brigham.ca\/wp-content\/uploads\/pont-balthazard.jpg 750w, https:\/\/brigham.ca\/wp-content\/uploads\/pont-balthazard-600x260.jpg 600w, https:\/\/brigham.ca\/wp-content\/uploads\/pont-balthazard-480x208.jpg 480w\" sizes=\"(max-width: 750px) 100vw, 750px\" \/><\/li>\n            <li style='display: none;' aria-roledescription='slide' aria-labelledby='slide-4'><img width=\"750\" height=\"325\" src=\"https:\/\/brigham.ca\/wp-content\/uploads\/rivi\u00e8re-Yamaska.jpg\" class=\"slider-483 slide-492 msDefaultImage\" alt=\"\" loading=\"lazy\" rel=\"\" title=\"\" srcset=\"https:\/\/brigham.ca\/wp-content\/uploads\/rivi\u00e8re-Yamaska.jpg 750w, https:\/\/brigham.ca\/wp-content\/uploads\/rivi\u00e8re-Yamaska-600x260.jpg 600w, https:\/\/brigham.ca\/wp-content\/uploads\/rivi\u00e8re-Yamaska-480x208.jpg 480w\" sizes=\"(max-width: 750px) 100vw, 750px\" \/><\/li>\n            <li style='display: none;' aria-roledescription='slide' aria-labelledby='slide-5'><img width=\"750\" height=\"325\" src=\"https:\/\/brigham.ca\/wp-content\/uploads\/vignoble.jpg\" class=\"slider-483 slide-493 msDefaultImage\" alt=\"\" loading=\"lazy\" rel=\"\" title=\"\" srcset=\"https:\/\/brigham.ca\/wp-content\/uploads\/vignoble.jpg 750w, https:\/\/brigham.ca\/wp-content\/uploads\/vignoble-600x260.jpg 600w, https:\/\/brigham.ca\/wp-content\/uploads\/vignoble-480x208.jpg 480w\" sizes=\"(max-width: 750px) 100vw, 750px\" \/><\/li>\n        <\/ul>\n        \n    <\/div>\n<\/div>[\/vc_column_text][\/vc_column][\/vc_row][vc_row][vc_column][vc_custom_heading text=&#8221;Discover Brigham by bike!&#8221; font_container=&#8221;tag:h2|text_align:left|color:%23ff8800&#8243; use_theme_fonts=&#8221;yes&#8221;][vc_column_text]Road biking is certainly one of the best ways to discover the beauties of Brigham. Two bike routes are\u00a0specially plan for you to discover the landscapes and local shops crisscross the roads of the municipality.<\/p>\n<p><a href=\"http:\/\/tourismebrome-missisquoi.ca\/velo\/velo-sur-route\/#details-0-7\" class=\"c-button m-outline\" target=\"_blank\">Lasso Magenta<\/a><\/p>\n\n<p><p><a href=\"http:\/\/tourismebrome-missisquoi.ca\/velo\/velo-sur-route\/#details-0-2\" class=\"c-button m-outline\" target=\"_blank\">La Doyenne des vignes<\/a><\/p>\n[\/vc_column_text][\/vc_column][\/vc_row][vc_row equal_height=&#8221;yes&#8221; content_placement=&#8221;middle&#8221;][vc_column width=&#8221;1\/4&#8243;]<a href=\"http:\/\/www.laroutedesvins.ca\/\"><img src=\"https:\/\/brigham.ca\/wp-content\/uploads\/Route-des-vins-e1510601704222.png\" class=\"\"  style=\"width: 200px;\" alt=\"\"><\/a>[\/vc_column][vc_column width=&#8221;1\/4&#8243;]<a href=\"http:\/\/tourismebrome-missisquoi.ca\/velo\/\"><img src=\"https:\/\/brigham.ca\/wp-content\/uploads\/Carte_velo-480x343.jpg\" class=\"\"  style=\"width: 200px;\" alt=\"\"><\/a>[\/vc_column][vc_column width=&#8221;1\/4&#8243;]<a href=\"http:\/\/tourismebrome-missisquoi.ca\/\"><img src=\"https:\/\/brigham.ca\/wp-content\/uploads\/CLDBMlogoTourisme-480x360.png\" class=\"\"  style=\"width: 200px;\" alt=\"\"><\/a>[\/vc_column][vc_column width=&#8221;1\/4&#8243;]<a href=\"http:\/\/www.carrementculture.ca\/\"><img src=\"https:\/\/brigham.ca\/wp-content\/uploads\/Logo-CarreCult.png\" class=\"\"  style=\"width: 200px;\" alt=\"\"><\/a>[\/vc_column][\/vc_row]<\/p>\n","protected":false},"excerpt":{"rendered":"<p>[vc_row][vc_column][vc_custom_heading text=&#8221;Discover Brigham&#8221; font_container=&#8221;tag:h2|text_align:left|color:%23ff8800&#8243; use_theme_fonts=&#8221;yes&#8221;][\/vc_column][\/vc_row][vc_row][vc_column][\/vc_column][\/vc_row][vc_row][vc_column][vc_column_text][\/vc_column_text][\/vc_column][\/vc_row][vc_row][vc_column width=&#8221;1\/6&#8243; el_class=&#8221;center&#8221;][vc_column_text]L\u00e9gende[\/vc_column_text][\/vc_column][vc_column width=&#8221;1\/6&#8243; el_class=&#8221;center&#8221;][vc_column_text] Vineyards [\/vc_column_text][\/vc_column][vc_column width=&#8221;1\/6&#8243; el_class=&#8221;center&#8221;][vc_column_text] Agriculture [\/vc_column_text][\/vc_column][vc_column width=&#8221;1\/6&#8243; el_class=&#8221;center&#8221;][vc_column_text] Arts &amp; crafts [\/vc_column_text][\/vc_column][vc_column width=&#8221;1\/6&#8243; el_class=&#8221;center&#8221;][vc_column_text] Attractions [\/vc_column_text][\/vc_column][vc_column width=&#8221;1\/6&#8243; el_class=&#8221;center&#8221;][vc_column_text] Services [\/vc_column_text][\/vc_column][\/vc_row][vc_row][vc_column width=&#8221;1\/6&#8243; el_class=&#8221;center&#8221;][\/vc_column][vc_column width=&#8221;1\/6&#8243; el_class=&#8221;center&#8221;][vc_column_text] Inns [\/vc_column_text][\/vc_column][vc_column width=&#8221;1\/6&#8243; el_class=&#8221;center&#8221;][vc_column_text] Shops [\/vc_column_text][\/vc_column][vc_column width=&#8221;1\/6&#8243; el_class=&#8221;center&#8221;][vc_column_text] Parks [\/vc_column_text][\/vc_column][vc_column width=&#8221;1\/6&#8243; el_class=&#8221;center&#8221;][vc_column_text] Trails [\/vc_column_text][\/vc_column][vc_column width=&#8221;1\/6&#8243; el_class=&#8221;center&#8221;][vc_column_text] Maple producers [\/vc_column_text][\/vc_column][\/vc_row][vc_row][vc_column][vc_column_text][\/vc_column_text][\/vc_column][\/vc_row][vc_row][vc_column][vc_custom_heading text=&#8221;Discover Brigham by [&hellip;]<\/p>\n","protected":false},"author":3,"featured_media":0,"parent":0,"menu_order":0,"comment_status":"closed","ping_status":"closed","template":"","meta":[],"_links":{"self":[{"href":"https:\/\/brigham.ca\/en\/wp-json\/wp\/v2\/pages\/1862"}],"collection":[{"href":"https:\/\/brigham.ca\/en\/wp-json\/wp\/v2\/pages"}],"about":[{"href":"https:\/\/brigham.ca\/en\/wp-json\/wp\/v2\/types\/page"}],"author":[{"embeddable":true,"href":"https:\/\/brigham.ca\/en\/wp-json\/wp\/v2\/users\/3"}],"replies":[{"embeddable":true,"href":"https:\/\/brigham.ca\/en\/wp-json\/wp\/v2\/comments?post=1862"}],"version-history":[{"count":3,"href":"https:\/\/brigham.ca\/en\/wp-json\/wp\/v2\/pages\/1862\/revisions"}],"predecessor-version":[{"id":4623,"href":"https:\/\/brigham.ca\/en\/wp-json\/wp\/v2\/pages\/1862\/revisions\/4623"}],"wp:attachment":[{"href":"https:\/\/brigham.ca\/en\/wp-json\/wp\/v2\/media?parent=1862"}],"curies":[{"name":"wp","href":"https:\/\/api.w.org\/{rel}","templated":true}]}}