{"id":6649,"date":"2020-06-04T10:16:22","date_gmt":"2020-06-04T14:16:22","guid":{"rendered":"http:\/\/brigham.ca\/canine-registration\/"},"modified":"2020-06-04T10:16:23","modified_gmt":"2020-06-04T14:16:23","slug":"canine-registration","status":"publish","type":"page","link":"https:\/\/brigham.ca\/en\/canine-registration\/","title":{"rendered":"Canine registration"},"content":{"rendered":"<p>[vc_row][vc_column width=&#8221;2\/3&#8243;]<div class=\"c-feature\"><div class=\"c-content-box\"><div class=\"feature-inner\"><i class=\"feature-icon fa fa-dog\"><\/i><h3 class=\"feature-title\">Register your dog<\/h3><div class=\"feature-content\"><\/div><\/div><\/div><\/div> Following the application of the <em>R\u00e8glement d\u2019application de la Loi visant \u00e0 favoriser la protection des personnes par la mise en place d\u2019un encadrement concernant les chiens, <\/em>all dog owners or guardians are now required to register their dogs with the Municipality. To make it easier, you can register online. It is also possible to fill out the form at the Town Hall. The owner or guardian of the dog must provide the following information and documents: [\/ lsvr_feature] <hr class=\"c-separator m-default m-margin-top-medium m-margin-bottom-medium\">[\/vc_column][vc_column width=&#8221;1\/3&#8243;][vc_single_image image=&#8221;6637&#8243; img_size=&#8221;large&#8221;][\/vc_column][\/vc_row][vc_row css=&#8221;.vc_custom_1589987032236{margin-left: 20px !important;}&#8221;][vc_column]<div class=\"c-content-box m-forced\"><div role=\"form\" class=\"wpcf7\" id=\"wpcf7-f6546-o1\" lang=\"fr-CA\" dir=\"ltr\">\n<div class=\"screen-reader-response\"><p role=\"status\" aria-live=\"polite\" aria-atomic=\"true\"><\/p> <ul><\/ul><\/div>\n<form action=\"\/en\/wp-json\/wp\/v2\/pages\/6649#wpcf7-f6546-o1\" method=\"post\" class=\"wpcf7-form init\" novalidate=\"novalidate\" data-status=\"init\">\n<div style=\"display: none;\">\n<input type=\"hidden\" name=\"_wpcf7\" value=\"6546\" \/>\n<input type=\"hidden\" name=\"_wpcf7_version\" value=\"5.6.4\" \/>\n<input type=\"hidden\" name=\"_wpcf7_locale\" value=\"fr_CA\" \/>\n<input type=\"hidden\" name=\"_wpcf7_unit_tag\" value=\"wpcf7-f6546-o1\" \/>\n<input type=\"hidden\" name=\"_wpcf7_container_post\" value=\"0\" \/>\n<input type=\"hidden\" name=\"_wpcf7_posted_data_hash\" value=\"\" \/>\n<input type=\"hidden\" name=\"_wpcf7_recaptcha_response\" value=\"\" \/>\n<\/div>\n<h3>Identification du propri\u00e9taire ou gardien du chien<\/h3>\n<p><label> Pr\u00e9nom<br \/>\n    <span class=\"wpcf7-form-control-wrap\" data-name=\"text-prenom\"><input type=\"text\" name=\"text-prenom\" value=\"\" size=\"40\" class=\"wpcf7-form-control wpcf7-text wpcf7-validates-as-required\" aria-required=\"true\" aria-invalid=\"false\" \/><\/span><\/label><\/p>\n<p><label> Nom<br \/>\n    <span class=\"wpcf7-form-control-wrap\" data-name=\"your-name\"><input type=\"text\" name=\"your-name\" value=\"\" size=\"40\" class=\"wpcf7-form-control wpcf7-text wpcf7-validates-as-required\" aria-required=\"true\" aria-invalid=\"false\" \/><\/span> <\/label><\/p>\n<h5>Identification du propri\u00e9taire ou gardien du chien (si plus d'un)<\/h5>\n<p><label> Pr\u00e9nom<br \/>\n    <span class=\"wpcf7-form-control-wrap\" data-name=\"text-prop2nom\"><input type=\"text\" name=\"text-prop2nom\" value=\"\" size=\"40\" class=\"wpcf7-form-control wpcf7-text\" aria-invalid=\"false\" \/><\/span><\/label><\/p>\n<p><label> Nom<br \/>\n    <span class=\"wpcf7-form-control-wrap\" data-name=\"text-prop2\"><input type=\"text\" name=\"text-prop2\" value=\"\" size=\"40\" class=\"wpcf7-form-control wpcf7-text\" aria-invalid=\"false\" \/><\/span><\/label><\/p>\n<p><label> Adresse<br \/>\n     <span class=\"wpcf7-form-control-wrap\" data-name=\"adresse\"><input type=\"text\" name=\"adresse\" value=\"\" size=\"40\" class=\"wpcf7-form-control wpcf7-text wpcf7-validates-as-required\" aria-required=\"true\" aria-invalid=\"false\" \/><\/span><\/label><\/p>\n<p><label> T\u00e9l\u00e9phone (r\u00e9sidence)<br \/>\n     <span class=\"wpcf7-form-control-wrap\" data-name=\"tel-resid\"><input type=\"tel\" name=\"tel-resid\" value=\"\" size=\"40\" class=\"wpcf7-form-control wpcf7-text wpcf7-tel wpcf7-validates-as-required wpcf7-validates-as-tel\" aria-required=\"true\" aria-invalid=\"false\" \/><\/span><\/label><\/p>\n<p><label> T\u00e9l\u00e9phone (cellulaire)<br \/>\n     <span class=\"wpcf7-form-control-wrap\" data-name=\"tel-cell\"><input type=\"tel\" name=\"tel-cell\" value=\"\" size=\"40\" class=\"wpcf7-form-control wpcf7-text wpcf7-tel wpcf7-validates-as-required wpcf7-validates-as-tel\" aria-required=\"true\" aria-invalid=\"false\" \/><\/span><\/label><\/p>\n<p><label> T\u00e9l\u00e9phone (travail)<br \/>\n     <span class=\"wpcf7-form-control-wrap\" data-name=\"tel-trav\"><input type=\"tel\" name=\"tel-trav\" value=\"\" size=\"40\" class=\"wpcf7-form-control wpcf7-text wpcf7-tel wpcf7-validates-as-tel\" aria-invalid=\"false\" \/><\/span><\/label><\/p>\n<p><label> Adresse courriel<br \/>\n    <span class=\"wpcf7-form-control-wrap\" data-name=\"your-email\"><input type=\"email\" name=\"your-email\" value=\"\" size=\"40\" class=\"wpcf7-form-control wpcf7-text wpcf7-email wpcf7-validates-as-required wpcf7-validates-as-email\" aria-required=\"true\" aria-invalid=\"false\" \/><\/span> <\/label><\/p>\n<h3>Informations sur le chien<\/h3>\n<p><label> Race du chien<br \/>\n <span class=\"wpcf7-form-control-wrap\" data-name=\"text-chien\"><input type=\"text\" name=\"text-chien\" value=\"\" size=\"40\" class=\"wpcf7-form-control wpcf7-text wpcf7-validates-as-required\" aria-required=\"true\" aria-invalid=\"false\" \/><\/span><\/label><\/p>\n<p><label>Sexe<\/label><br \/>\n <span class=\"wpcf7-form-control-wrap\" data-name=\"sexe-chien\"><span class=\"wpcf7-form-control wpcf7-radio\"><span class=\"wpcf7-list-item first\"><span class=\"wpcf7-list-item-label\">M\u00e2le<\/span><input type=\"radio\" name=\"sexe-chien\" value=\"M\u00e2le\" \/><\/span><span class=\"wpcf7-list-item last\"><span class=\"wpcf7-list-item-label\">Femelle<\/span><input type=\"radio\" name=\"sexe-chien\" value=\"Femelle\" \/><\/span><\/span><\/span><\/p>\n<p><label>Ann\u00e9e de naissance<br \/>\n <span class=\"wpcf7-form-control-wrap\" data-name=\"text-annee\"><input type=\"text\" name=\"text-annee\" value=\"\" size=\"40\" class=\"wpcf7-form-control wpcf7-text wpcf7-validates-as-required\" aria-required=\"true\" aria-invalid=\"false\" \/><\/span><\/label><\/p>\n<p><label>Nom du chien<br \/>\n <span class=\"wpcf7-form-control-wrap\" data-name=\"nom-chien\"><input type=\"text\" name=\"nom-chien\" value=\"\" size=\"40\" class=\"wpcf7-form-control wpcf7-text wpcf7-validates-as-required\" aria-required=\"true\" aria-invalid=\"false\" \/><\/span><\/label><\/p>\n<p><label>Couleur(s) et signes distinctifs, s'il y a lieu<br \/>\n<span class=\"wpcf7-form-control-wrap\" data-name=\"text-couleur\"><input type=\"text\" name=\"text-couleur\" value=\"\" size=\"40\" class=\"wpcf7-form-control wpcf7-text wpcf7-validates-as-required\" aria-required=\"true\" aria-invalid=\"false\" \/><\/span><\/label><\/p>\n<p><label>Provenance du chien (ex. : SPA des Cantons, achet\u00e9 de M. X \u00e0 Cowansville ou autres indications)<br \/>\nNom et adresse <span class=\"wpcf7-form-control-wrap\" data-name=\"text-provenance\"><input type=\"text\" name=\"text-provenance\" value=\"\" size=\"40\" class=\"wpcf7-form-control wpcf7-text wpcf7-validates-as-required\" aria-required=\"true\" aria-invalid=\"false\" \/><\/span><\/label><\/p>\n<p><label>Poids \u00e9gal ou sup\u00e9rieur \u00e0 20kg<\/label><br \/>\n<span class=\"wpcf7-form-control-wrap\" data-name=\"radio-poids\"><span class=\"wpcf7-form-control wpcf7-radio\"><span class=\"wpcf7-list-item first\"><span class=\"wpcf7-list-item-label\">Oui<\/span><input type=\"radio\" name=\"radio-poids\" value=\"Oui\" \/><\/span><span class=\"wpcf7-list-item last\"><span class=\"wpcf7-list-item-label\">Non<\/span><input type=\"radio\" name=\"radio-poids\" value=\"Non\" \/><\/span><\/span><\/span><\/p>\n<p><label>Vaccin\u00e9 contre la rage<\/label><br \/>\n<span class=\"wpcf7-form-control-wrap\" data-name=\"radio-rage\"><span class=\"wpcf7-form-control wpcf7-radio\"><span class=\"wpcf7-list-item first\"><span class=\"wpcf7-list-item-label\">Oui<\/span><input type=\"radio\" name=\"radio-rage\" value=\"Oui\" \/><\/span><span class=\"wpcf7-list-item last\"><span class=\"wpcf7-list-item-label\">Non<\/span><input type=\"radio\" name=\"radio-rage\" value=\"Non\" \/><\/span><\/span><\/span><\/p>\n<p><label>Date de la derni\u00e8re vaccination<br \/>\n <span class=\"wpcf7-form-control-wrap\" data-name=\"date-vaccin\"><input type=\"date\" name=\"date-vaccin\" value=\"\" class=\"wpcf7-form-control wpcf7-date wpcf7-validates-as-date\" aria-invalid=\"false\" \/><\/span><\/label><\/p>\n<p><label>Nom du v\u00e9t\u00e9rinaire ou de la clinique<br \/>\n <span class=\"wpcf7-form-control-wrap\" data-name=\"text-veterinaire\"><input type=\"text\" name=\"text-veterinaire\" value=\"\" size=\"40\" class=\"wpcf7-form-control wpcf7-text\" aria-invalid=\"false\" \/><\/span><\/label><\/p>\n<p><label>St\u00e9rilis\u00e9<\/label><br \/>\n<span class=\"wpcf7-form-control-wrap\" data-name=\"radio-steril\"><span class=\"wpcf7-form-control wpcf7-radio\"><span class=\"wpcf7-list-item first\"><span class=\"wpcf7-list-item-label\">Oui<\/span><input type=\"radio\" name=\"radio-steril\" value=\"Oui\" \/><\/span><span class=\"wpcf7-list-item last\"><span class=\"wpcf7-list-item-label\">Non<\/span><input type=\"radio\" name=\"radio-steril\" value=\"Non\" \/><\/span><\/span><\/span><\/p>\n<p><label>Micropuce<\/label><br \/>\n<span class=\"wpcf7-form-control-wrap\" data-name=\"radio-puce\"><span class=\"wpcf7-form-control wpcf7-radio\"><span class=\"wpcf7-list-item first\"><span class=\"wpcf7-list-item-label\">Oui<\/span><input type=\"radio\" name=\"radio-puce\" value=\"Oui\" \/><\/span><span class=\"wpcf7-list-item last\"><span class=\"wpcf7-list-item-label\">Non<\/span><input type=\"radio\" name=\"radio-puce\" value=\"Non\" \/><\/span><\/span><\/span>Si oui, num\u00e9ro de micropuce: <span class=\"wpcf7-form-control-wrap\" data-name=\"text-puce\"><input type=\"text\" name=\"text-puce\" value=\"\" size=\"40\" class=\"wpcf7-form-control wpcf7-text\" aria-invalid=\"false\" \/><\/span><\/p>\n<h3>Ant\u00e9c\u00e9dents du chien<\/h3>\n<p><label>Avez-vous un avis \u00e9crit d\u2019un m\u00e9decin v\u00e9t\u00e9rinaire indiquant que la vaccination, la st\u00e9rilisation ou le micropu\u00e7age est contre-indiqu\u00e9 pour votre chien (cas sp\u00e9ciaux) <\/label><br \/>\n<span class=\"wpcf7-form-control-wrap\" data-name=\"radio-special\"><span class=\"wpcf7-form-control wpcf7-radio\"><span class=\"wpcf7-list-item first\"><span class=\"wpcf7-list-item-label\">Oui<\/span><input type=\"radio\" name=\"radio-special\" value=\"Oui\" \/><\/span><span class=\"wpcf7-list-item last\"><span class=\"wpcf7-list-item-label\">Non<\/span><input type=\"radio\" name=\"radio-special\" value=\"Non\" \/><\/span><\/span><\/span><\/p>\n<p><label>Nom des municipalit\u00e9s o\u00f9 le chien a d\u00e9j\u00e0 \u00e9t\u00e9 enregistr\u00e9, s\u2019il y a lieu<br \/>\n <span class=\"wpcf7-form-control-wrap\" data-name=\"text-villeenregist\"><input type=\"text\" name=\"text-villeenregist\" value=\"\" size=\"40\" class=\"wpcf7-form-control wpcf7-text\" aria-invalid=\"false\" \/><\/span><\/label><\/p>\n<p><label>Une d\u00e9cision a-t-elle d\u00e9j\u00e0 \u00e9t\u00e9 rendue par une autre municipalit\u00e9 locale \u00e0 l\u2019\u00e9gard du chien ou de son propri\u00e9taire ou gardien en vertu du pr\u00e9sent r\u00e8glement ou d\u2019un r\u00e8glement municipal concernant les chiens?<\/label><br \/>\n<span class=\"wpcf7-form-control-wrap\" data-name=\"radio-decision\"><span class=\"wpcf7-form-control wpcf7-radio\"><span class=\"wpcf7-list-item first\"><span class=\"wpcf7-list-item-label\">Oui<\/span><input type=\"radio\" name=\"radio-decision\" value=\"Oui\" \/><\/span><span class=\"wpcf7-list-item last\"><span class=\"wpcf7-list-item-label\">Non<\/span><input type=\"radio\" name=\"radio-decision\" value=\"Non\" \/><\/span><\/span><\/span> Si oui, veuillez pr\u00e9ciser : <span class=\"wpcf7-form-control-wrap\" data-name=\"text-decision\"><input type=\"text\" name=\"text-decision\" value=\"\" size=\"40\" class=\"wpcf7-form-control wpcf7-text\" aria-invalid=\"false\" \/><\/span><\/p>\n<h3>Le propri\u00e9taire ou gardien d\u2019un chien doit informer la Municipalit\u00e9 de Brigham de toute modification aux renseignements fournis au pr\u00e9sent formulaire. Si vous vous d\u00e9partissez du chien ou s\u2019il d\u00e9c\u00e8de, il est de votre responsabilit\u00e9 d\u2019en aviser la Municipalit\u00e9.<\/h3>\n<h3>Je d\u00e9clare que tous les renseignements ci contenus sont exacts et v\u00e9ridiques.<\/h3>\n<p> <span class=\"wpcf7-form-control-wrap\" data-name=\"acceptance-894\"><span class=\"wpcf7-form-control wpcf7-acceptance\"><span class=\"wpcf7-list-item\"><input type=\"checkbox\" name=\"acceptance-894\" value=\"1\" aria-invalid=\"false\" \/><\/span><\/span><\/span><\/p>\n<p><input type=\"submit\" value=\"Envoyer\" class=\"wpcf7-form-control has-spinner wpcf7-submit\" \/><\/p>\n<div class=\"wpcf7-response-output\" aria-hidden=\"true\"><\/div><\/form><\/div><\/div>[vc_empty_space height=&#8221;60px&#8221;][\/vc_column][\/vc_row]<\/p>\n","protected":false},"excerpt":{"rendered":"<p>[vc_row][vc_column width=&#8221;2\/3&#8243;] Following the application of the R\u00e8glement d\u2019application de la Loi visant \u00e0 favoriser la protection des personnes par la mise en place d\u2019un encadrement concernant les chiens, all dog owners or guardians are now required to register their dogs with the Municipality. To make it easier, you can register online. It is also [&hellip;]<\/p>\n","protected":false},"author":3,"featured_media":0,"parent":0,"menu_order":0,"comment_status":"closed","ping_status":"closed","template":"","meta":[],"_links":{"self":[{"href":"https:\/\/brigham.ca\/en\/wp-json\/wp\/v2\/pages\/6649"}],"collection":[{"href":"https:\/\/brigham.ca\/en\/wp-json\/wp\/v2\/pages"}],"about":[{"href":"https:\/\/brigham.ca\/en\/wp-json\/wp\/v2\/types\/page"}],"author":[{"embeddable":true,"href":"https:\/\/brigham.ca\/en\/wp-json\/wp\/v2\/users\/3"}],"replies":[{"embeddable":true,"href":"https:\/\/brigham.ca\/en\/wp-json\/wp\/v2\/comments?post=6649"}],"version-history":[{"count":2,"href":"https:\/\/brigham.ca\/en\/wp-json\/wp\/v2\/pages\/6649\/revisions"}],"predecessor-version":[{"id":6653,"href":"https:\/\/brigham.ca\/en\/wp-json\/wp\/v2\/pages\/6649\/revisions\/6653"}],"wp:attachment":[{"href":"https:\/\/brigham.ca\/en\/wp-json\/wp\/v2\/media?parent=6649"}],"curies":[{"name":"wp","href":"https:\/\/api.w.org\/{rel}","templated":true}]}}