{"id":944,"date":"2016-01-15T13:54:58","date_gmt":"2016-01-15T18:54:58","guid":{"rendered":"http:\/\/brigham.ca\/en\/?page_id=944"},"modified":"2017-11-17T09:56:11","modified_gmt":"2017-11-17T14:56:11","slug":"accueil","status":"publish","type":"page","link":"https:\/\/brigham.ca\/en\/","title":{"rendered":"Home"},"content":{"rendered":"<p>[vc_row content_placement=&#8221;middle&#8221;][vc_column width=&#8221;1\/3&#8243; offset=&#8221;vc_hidden-lg vc_hidden-md&#8221;][\/vc_column][vc_column width=&#8221;1\/3&#8243; el_class=&#8221;.center&#8221; offset=&#8221;vc_hidden-lg vc_hidden-md&#8221;]<a href=\"https:\/\/del.accescite.net\/demandes\/Pages\/ReqWiz.aspx?CityCode=46090\"><img src=\"\" class=\"\"  alt=\"\"><\/a>[vc_empty_space height=&#8221;15px&#8221;][\/vc_column][vc_column width=&#8221;1\/3&#8243; offset=&#8221;vc_hidden-lg vc_hidden-md&#8221;][\/vc_column][\/vc_row][vc_row gap=&#8221;2&#8243;][vc_column]<div class=\"c-article-list m-has-icon\"><div class=\"c-content-box\"><div class=\"article-list-inner\"><i class=\"ico-shadow tp tp-reading\"><\/i><h2 class=\"article-list-title\"><i class=\"ico tp tp-reading\"><\/i><a href=\"https:\/\/brigham.ca\/en\/news\/\">News<\/a><\/h2><div class=\"article-list-content\"><article class=\"brief-article\"><h3 class=\"article-title\"><a href=\"https:\/\/brigham.ca\/en\/next-bulky-garbage-collection-friday-april-23-2021\/\">Next bulky garbage collection &#8211; Friday, April 23, 2021<\/a><\/h3><div class=\"article-date\">8 April 2021<\/div><\/article><article class=\"brief-article\"><h3 class=\"article-title\"><a href=\"https:\/\/brigham.ca\/en\/offre-demploi-technicien-gestion-contractuelle-et-approvisionnement\/\">Offre d\u2019emploi \u2013 Technicien &#8211; Gestion contractuelle et approvisionnement<\/a><\/h3><div class=\"article-date\">5 February 2021<\/div><\/article><article class=\"brief-article\"><h3 class=\"article-title\"><a href=\"https:\/\/brigham.ca\/en\/avis-public-de-promulgation-de-ladoption-du-reglement-numero-2026-02-modifiant-le-reglement-numero-2018-02-relatif-a-la-gestion-contractuelle\/\">Avis public de promulgation de l\u2019adoption du R\u00e8glement num\u00e9ro 2026-02 modifiant le r\u00e8glement num\u00e9ro 2018-02 relatif \u00e0 la gestion contractuelle<\/a><\/h3><div class=\"article-date\">9 April 2026<\/div><\/article><article class=\"brief-article\"><h3 class=\"article-title\"><a href=\"https:\/\/brigham.ca\/en\/reglement-numero-2026-02-modifiant-le-reglement-numero-2018-02-relatif-a-la-gestion-contractuelle\/\">R\u00e8glement num\u00e9ro 2026-02 modifiant le r\u00e8glement num\u00e9ro 2018-02 relatif \u00e0 la gestion contractuelle<\/a><\/h3><div class=\"article-date\">9 April 2026<\/div><\/article><article class=\"brief-article\"><h3 class=\"article-title\"><a href=\"https:\/\/brigham.ca\/en\/avis-public-de-promulgation-de-ladoption-du-reglement-numero-2026-01-concernant-la-circulation-et-le-stationnement-rm-330\/\">Avis public de promulgation de l\u2019adoption du R\u00e8glement num\u00e9ro 2026-01 concernant la circulation et le stationnement (RM-330)<\/a><\/h3><div class=\"article-date\">9 April 2026<\/div><\/article><article class=\"brief-article\"><h3 class=\"article-title\"><a href=\"https:\/\/brigham.ca\/en\/reglement-numero-2026-01-concernant-la-circulation-et-le-stationnement-rm-330\/\">R\u00e8glement num\u00e9ro 2026-01 concernant la circulation et le stationnement (RM-330)<\/a><\/h3><div class=\"article-date\">9 April 2026<\/div><\/article><article class=\"brief-article\"><h3 class=\"article-title\"><a href=\"https:\/\/brigham.ca\/en\/pour-adoption-le-7-avril-2026-reglement-numero-2026-01-concernant-la-circulation-et-le-stationnement-rm-330\/\">Pour adoption le 7 avril 2026: r\u00e8glement num\u00e9ro 2026-01 concernant la circulation et le stationnement (RM-330)<\/a><\/h3><div class=\"article-date\">1 April 2026<\/div><\/article><p class=\"more-btn-holder\"><a href=\"https:\/\/brigham.ca\/en\/news\/\">See all past news<\/a><\/p><\/div><\/div><\/div><\/div>[\/vc_column][\/vc_row][vc_row][vc_column]<div class=\"c-directory m-has-icon m-3-columns\"><div class=\"c-content-box\"><div class=\"directory-inner\"><i class=\"ico-shadow tp tp-road-sign\"><\/i><h2 class=\"directory-title\"><i class=\"ico tp tp-road-sign\"><\/i>Quick links<\/h2><div class=\"directory-content\"><div class=\"menu-liens-rapides-anglais-container\"><ul id=\"menu-liens-rapides-anglais\" class=\"directory-menu\"><li id=\"menu-item-1896\" class=\"menu-item menu-item-type-custom menu-item-object-custom menu-item-has-children menu-item-1896\"><a>Services to citizens<\/a>\n<ul class=\"sub-menu\">\n\t<li id=\"menu-item-1897\" class=\"menu-item menu-item-type-post_type menu-item-object-page menu-item-1897\"><a href=\"https:\/\/brigham.ca\/en\/environment\/\">Environment<\/a><\/li>\n\t<li id=\"menu-item-1898\" class=\"menu-item menu-item-type-post_type menu-item-object-page menu-item-1898\"><a href=\"https:\/\/brigham.ca\/en\/waste-management\/\">Waste management<\/a><\/li>\n\t<li id=\"menu-item-1899\" class=\"menu-item menu-item-type-post_type menu-item-object-page menu-item-1899\"><a href=\"https:\/\/brigham.ca\/en\/permits-and-certificates\/\">Permits and certificates<\/a><\/li>\n\t<li id=\"menu-item-1900\" class=\"menu-item menu-item-type-post_type menu-item-object-page menu-item-1900\"><a href=\"https:\/\/brigham.ca\/en\/public-safety\/\">Public safety<\/a><\/li>\n\t<li id=\"menu-item-1901\" class=\"menu-item menu-item-type-post_type menu-item-object-page menu-item-1901\"><a href=\"https:\/\/brigham.ca\/en\/taxes-and-property-assessment\/\">Taxes and property assessment<\/a><\/li>\n\t<li id=\"menu-item-1902\" class=\"menu-item menu-item-type-post_type menu-item-object-page menu-item-1902\"><a href=\"https:\/\/brigham.ca\/en\/public-transit-service\/\">Public transit service<\/a><\/li>\n<\/ul>\n<\/li>\n<li id=\"menu-item-1903\" class=\"menu-item menu-item-type-custom menu-item-object-custom menu-item-has-children menu-item-1903\"><a>Municipal administration<\/a>\n<ul class=\"sub-menu\">\n\t<li id=\"menu-item-1904\" class=\"menu-item menu-item-type-post_type menu-item-object-page menu-item-1904\"><a href=\"https:\/\/brigham.ca\/en\/public-notices\/\">Public notices<\/a><\/li>\n\t<li id=\"menu-item-1905\" class=\"menu-item menu-item-type-post_type menu-item-object-page menu-item-1905\"><a href=\"https:\/\/brigham.ca\/en\/budget-and-finance\/\">Budget and Finance<\/a><\/li>\n\t<li id=\"menu-item-1906\" class=\"menu-item menu-item-type-post_type menu-item-object-page menu-item-1906\"><a href=\"https:\/\/brigham.ca\/en\/council-meetings-schedule\/\">Council meetings<\/a><\/li>\n\t<li id=\"menu-item-1907\" class=\"menu-item menu-item-type-post_type menu-item-object-page menu-item-1907\"><a href=\"https:\/\/brigham.ca\/en\/municipal-council\/\">Municipal council<\/a><\/li>\n\t<li id=\"menu-item-1908\" class=\"menu-item menu-item-type-post_type menu-item-object-page menu-item-1908\"><a href=\"https:\/\/brigham.ca\/en\/list-of-contracts\/\">List of contracts<\/a><\/li>\n\t<li id=\"menu-item-1909\" class=\"menu-item menu-item-type-post_type menu-item-object-page menu-item-1909\"><a href=\"https:\/\/brigham.ca\/en\/strategic-plan-policies\/\">Strategic plan and Policies<\/a><\/li>\n\t<li id=\"menu-item-1910\" class=\"menu-item menu-item-type-post_type menu-item-object-page menu-item-1910\"><a href=\"https:\/\/brigham.ca\/en\/proces-verbaux\/\">Minutes<\/a><\/li>\n\t<li id=\"menu-item-1911\" class=\"menu-item menu-item-type-post_type menu-item-object-page menu-item-1911\"><a href=\"https:\/\/brigham.ca\/en\/publications\/\">Publications<\/a><\/li>\n\t<li id=\"menu-item-1912\" class=\"menu-item menu-item-type-post_type menu-item-object-page menu-item-1912\"><a href=\"https:\/\/brigham.ca\/en\/by-laws\/\">By-laws<\/a><\/li>\n<\/ul>\n<\/li>\n<li id=\"menu-item-1913\" class=\"menu-item menu-item-type-custom menu-item-object-custom menu-item-has-children menu-item-1913\"><a>Leisure and culture<\/a>\n<ul class=\"sub-menu\">\n\t<li id=\"menu-item-1914\" class=\"menu-item menu-item-type-post_type menu-item-object-page menu-item-1914\"><a href=\"https:\/\/brigham.ca\/en\/activities-sports\/\">Activities &#038; sports<\/a><\/li>\n\t<li id=\"menu-item-1915\" class=\"menu-item menu-item-type-post_type menu-item-object-page menu-item-1915\"><a href=\"https:\/\/brigham.ca\/en\/library\/\">Library<\/a><\/li>\n\t<li id=\"menu-item-1918\" class=\"menu-item menu-item-type-post_type menu-item-object-page menu-item-1918\"><a href=\"https:\/\/brigham.ca\/en\/inter-municipal-agreements\/\">Inter-Municipal Agreements<\/a><\/li>\n\t<li id=\"menu-item-1919\" class=\"menu-item menu-item-type-post_type menu-item-object-page menu-item-1919\"><a href=\"https:\/\/brigham.ca\/en\/parks-and-trails\/\">Parks and trails<\/a><\/li>\n\t<li id=\"menu-item-1920\" class=\"menu-item menu-item-type-post_type menu-item-object-page menu-item-1920\"><a href=\"https:\/\/brigham.ca\/en\/ice-rink\/\">Ice rink<\/a><\/li>\n<\/ul>\n<\/li>\n<\/ul><\/div><\/div><\/div><\/div><\/div>[\/vc_column][\/vc_row][vc_row disable_element=&#8221;yes&#8221;][vc_column]<div class=\"c-article-list m-has-icon\"><div class=\"c-content-box\"><div class=\"article-list-inner\"><i class=\"ico-shadow fa fa-file-text-o\"><\/i><h2 class=\"article-list-title\"><i class=\"ico fa fa-file-text-o\"><\/i><a href=\"https:\/\/brigham.ca\/en\/category\/councilnews\/\">Votre conseil en bref<\/a><\/h2><div class=\"article-list-content\"><article class=\"brief-article\"><h3 class=\"article-title\"><a href=\"https:\/\/brigham.ca\/en\/projet-dordre-du-jour-seance-du-1er-novembre-2022\/\">Projet d&#8217;ordre du jour &#8211; S\u00e9ance du 1er novembre 2022<\/a><\/h3><div class=\"article-date\">28 October 2022<\/div><\/article><article class=\"brief-article\"><h3 class=\"article-title\"><a href=\"https:\/\/brigham.ca\/en\/projet-dordre-du-jour-seance-du-4-octobre-2022\/\">Projet d&#8217;ordre du jour &#8211; S\u00e9ance du 4 octobre 2022<\/a><\/h3><div class=\"article-date\">30 September 2022<\/div><\/article><article class=\"brief-article\"><h3 class=\"article-title\"><a href=\"https:\/\/brigham.ca\/en\/avis-de-convocation-seance-extraordinaire-du-27-septembre-2022\/\">Avis de convocation &#8211; S\u00e9ance extraordinaire du 27 septembre 2022<\/a><\/h3><div class=\"article-date\">27 September 2022<\/div><\/article><article class=\"brief-article\"><h3 class=\"article-title\"><a href=\"https:\/\/brigham.ca\/en\/projet-de-reglement-numero-2022-06\/\">Projet de r\u00e8glement num\u00e9ro 2022-06<\/a><\/h3><div class=\"article-date\">9 August 2022<\/div><\/article><article class=\"brief-article\"><h3 class=\"article-title\"><a href=\"https:\/\/brigham.ca\/en\/10251\/\"><\/a><\/h3><div class=\"article-date\">9 August 2022<\/div><\/article><article class=\"brief-article\"><h3 class=\"article-title\"><a href=\"https:\/\/brigham.ca\/en\/projet-dordre-du-jour-du-conseil-du-9-aout-2022\/\">Projet d&#8217;ordre du jour du conseil du 9 ao\u00fbt 2022<\/a><\/h3><div class=\"article-date\">8 August 2022<\/div><\/article><article class=\"brief-article\"><h3 class=\"article-title\"><a href=\"https:\/\/brigham.ca\/en\/projet-dordre-du-jour-seance-du-5-juillet-2022\/\">Projet d&#8217;ordre du jour &#8211; S\u00e9ance du 5 juillet 2022<\/a><\/h3><div class=\"article-date\">5 July 2022<\/div><\/article><article class=\"brief-article\"><h3 class=\"article-title\"><a href=\"https:\/\/brigham.ca\/en\/presentation-dune-demande-daide-financiere-au-ministere-des-transports-du-quebec-pour-lelaboration-des-plans-et-devis-et-pour-la-realisation-de-travaux-damelioratio\/\">Pr\u00e9sentation d\u2019une demande d\u2019aide financi\u00e8re au minist\u00e8re des Transports du Qu\u00e9bec pour l\u2019\u00e9laboration des plans et devis et pour la r\u00e9alisation de travaux d\u2019am\u00e9lioration du r\u00e9seau routier local.<\/a><\/h3><div class=\"article-date\">12 February 2016<\/div><\/article><p class=\"more-btn-holder\"><a href=\"https:\/\/brigham.ca\/en\/category\/councilnews\/\">Archives<\/a><\/p><\/div><\/div><\/div><\/div>[\/vc_column][\/vc_row][vc_row content_placement=&#8221;middle&#8221; disable_element=&#8221;yes&#8221; css=&#8221;.vc_custom_1510234075190{margin-right: 0px !important;margin-left: 0px !important;background-color: #ffffff !important;}&#8221;][vc_column width=&#8221;1\/3&#8243; el_class=&#8221;.center&#8221; offset=&#8221;vc_hidden-sm vc_hidden-xs&#8221;][vc_column_text el_class=&#8221;motdumaire&#8221;]<\/p>\n<h3><i class=\" fa fa-bullhorn\" style=\"color: #ff8800;font-size: 24px;\"><\/i> \u00a0Mayor&#8217;s word<\/h3>\n<p>[\/vc_column_text]<img src=\"https:\/\/brigham.ca\/wp-content\/uploads\/Maire.jpg\" class=\"\"  alt=\"\">[\/vc_column][vc_column width=&#8221;2\/3&#8243; offset=&#8221;vc_hidden-sm vc_col-xs-12 vc_hidden-xs&#8221;][vc_column_text css_animation=&#8221;none&#8221;]<\/p>\n<p style=\"text-align: justify;\">Dear visitors,<\/p>\n<p>Welcome to our brand new website. We invite you to come back regularly to be informed of municipal news, the latest decisions taken by the council as well as activities organized by the organizations of the region.<\/p>\n<p><strong>Normand Delisle<\/strong>, mayor[\/vc_column_text][\/vc_column][vc_column offset=&#8221;vc_hidden-sm vc_hidden-xs&#8221;][vc_empty_space height=&#8221;15px&#8221;][\/vc_column][\/vc_row][vc_row gap=&#8221;5&#8243; equal_height=&#8221;yes&#8221; css=&#8221;.vc_custom_1477596196348{margin-top: 10px !important;margin-bottom: 10px !important;}&#8221;][vc_column width=&#8221;1\/2&#8243; css=&#8221;.vc_custom_1454431311674{background-image: url(https:\/\/brigham.ca\/wp-content\/uploads\/Loisirs.jpg?id=246) !important;background-position: center !important;background-repeat: no-repeat !important;background-size: cover !important;}&#8221;][vc_column_text]<\/p>\n<h2><span style=\"color: #ffffff;\">LEISURES<\/span><\/h2>\n<p>[\/vc_column_text][vc_column_text]<\/p>\n<p style=\"text-align: justify;\"><span style=\"color: #ffffff;\">The Municipality, in collaboration with the Recreation Committee, offers citizens a diversified annual recreational programming for all ages.<\/span><\/p>\n<p>[\/vc_column_text]<p><a href=\"https:\/\/brigham.ca\/en\/activities-sports\/\" class=\"c-button #FFFFFF m-has-icon m-outline\"><i class=\"ico fa fa-child\"><\/i>Read more<\/a><\/p>\n[\/vc_column][vc_column width=&#8221;1\/2&#8243; css=&#8221;.vc_custom_1480611084753{background-image: url(https:\/\/brigham.ca\/wp-content\/uploads\/Histoire-CTA.jpg?id=1599) !important;background-position: center !important;background-repeat: no-repeat !important;background-size: cover !important;}&#8221;][vc_column_text]<\/p>\n<h2><span style=\"color: #ffffff;\">HISTORY<\/span><\/h2>\n<p>[\/vc_column_text][vc_column_text]<\/p>\n<p style=\"text-align: justify;\"><span style=\"color: #ffffff;\">The municipality of Brigham has a rich history dating back to the end of the 18th century with the arrival of the first founding families.<\/span><\/p>\n<p>[\/vc_column_text]<p><a href=\"https:\/\/brigham.ca\/histoire-patrimoine\/\" class=\"c-button m-has-icon m-outline\"><i class=\"ico fa fa-search\"><\/i>Read more<\/a><\/p>\n[\/vc_column][\/vc_row][vc_row gap=&#8221;5&#8243; equal_height=&#8221;yes&#8221; css=&#8221;.vc_custom_1477596187873{margin-top: 10px !important;margin-bottom: 10px !important;}&#8221;][vc_column width=&#8221;1\/2&#8243; css=&#8221;.vc_custom_1454547168048{background-image: url(https:\/\/brigham.ca\/wp-content\/uploads\/Tourisme.jpg?id=288) !important;background-position: center !important;background-repeat: no-repeat !important;background-size: cover !important;}&#8221;][vc_column_text]<\/p>\n<h2><span style=\"color: #ffffff;\"><strong>TOURISM<\/strong><br \/>\n<\/span><\/h2>\n<p>[\/vc_column_text][vc_column_text]<\/p>\n<p style=\"text-align: justify;\"><span style=\"color: #ffffff;\">Vineyards, sugar bushes, vegetable farms, agri-food producers of all kinds without forgetting our two covered bridges, take the time to visit our local attractions!<\/span><\/p>\n<p>[\/vc_column_text]<p><a href=\"https:\/\/brigham.ca\/en\/tourism\/\" class=\"c-button #FFFFFF m-has-icon m-outline\"><i class=\"ico fa fa-globe\"><\/i>Read more<\/a><\/p>\n[\/vc_column][vc_column width=&#8221;1\/2&#8243; css=&#8221;.vc_custom_1454431229317{background-image: url(https:\/\/brigham.ca\/wp-content\/uploads\/Environnement.jpg?id=247) !important;background-position: center !important;background-repeat: no-repeat !important;background-size: cover !important;}&#8221;][vc_column_text]<\/p>\n<h2><span style=\"color: #ffffff;\">ENVIRONMENT<\/span><\/h2>\n<p>[\/vc_column_text][vc_column_text]<\/p>\n<p style=\"text-align: justify;\"><span style=\"color: #ffffff;\">A municipality plays an important role in protecting and conserving the environment. It sets up a number of services aimed at enhancing the natural environment.<\/span><\/p>\n<p>[\/vc_column_text]<p><a href=\"https:\/\/brigham.ca\/en\/environment\/\" class=\"c-button m-has-icon m-outline\"><i class=\"ico fa fa-tree\"><\/i>Read more<\/a><\/p>\n[\/vc_column][\/vc_row][vc_row equal_height=&#8221;yes&#8221; content_placement=&#8221;middle&#8221;][vc_column width=&#8221;1\/3&#8243; css=&#8221;.vc_custom_1477339903277{background-position: center !important;background-repeat: no-repeat !important;background-size: cover !important;}&#8221; offset=&#8221;vc_hidden-xs&#8221;][vc_single_image image=&#8221;276&#8243; img_size=&#8221;full&#8221; alignment=&#8221;center&#8221; onclick=&#8221;custom_link&#8221; img_link_target=&#8221;_blank&#8221; link=&#8221;http:\/\/mrcbm.qc.ca\/&#8221; css=&#8221;.vc_custom_1454439305310{background-position: center !important;background-repeat: no-repeat !important;background-size: cover !important;}&#8221;][\/vc_column][vc_column width=&#8221;1\/3&#8243; css=&#8221;.vc_custom_1477339910155{background-position: center !important;background-repeat: no-repeat !important;background-size: cover !important;}&#8221; offset=&#8221;vc_hidden-xs&#8221;][vc_single_image image=&#8221;271&#8243; img_size=&#8221;full&#8221; alignment=&#8221;center&#8221; onclick=&#8221;custom_link&#8221; img_link_target=&#8221;_blank&#8221; link=&#8221;http:\/\/mrcbm.qc.ca\/fr\/eco_accueil.php&#8221; css=&#8221;.vc_custom_1454438281151{background-position: center !important;background-repeat: no-repeat !important;background-size: cover !important;}&#8221;][\/vc_column][vc_column width=&#8221;1\/3&#8243; css=&#8221;.vc_custom_1477339917812{background-position: center !important;background-repeat: no-repeat !important;background-size: cover !important;}&#8221; offset=&#8221;vc_hidden-xs&#8221;][vc_single_image image=&#8221;270&#8243; img_size=&#8221;full&#8221; alignment=&#8221;center&#8221; onclick=&#8221;custom_link&#8221; img_link_target=&#8221;_blank&#8221; link=&#8221;http:\/\/www.laroutedesvins.ca\/&#8221; css=&#8221;.vc_custom_1454438289064{background-position: center !important;background-repeat: no-repeat !important;background-size: cover !important;}&#8221;][\/vc_column][\/vc_row]<\/p>\n","protected":false},"excerpt":{"rendered":"<p>[vc_row content_placement=&#8221;middle&#8221;][vc_column width=&#8221;1\/3&#8243; offset=&#8221;vc_hidden-lg vc_hidden-md&#8221;][\/vc_column][vc_column width=&#8221;1\/3&#8243; el_class=&#8221;.center&#8221; offset=&#8221;vc_hidden-lg vc_hidden-md&#8221;][vc_empty_space height=&#8221;15px&#8221;][\/vc_column][vc_column width=&#8221;1\/3&#8243; offset=&#8221;vc_hidden-lg vc_hidden-md&#8221;][\/vc_column][\/vc_row][vc_row gap=&#8221;2&#8243;][vc_column][\/vc_column][\/vc_row][vc_row][vc_column][\/vc_column][\/vc_row][vc_row disable_element=&#8221;yes&#8221;][vc_column][\/vc_column][\/vc_row][vc_row content_placement=&#8221;middle&#8221; disable_element=&#8221;yes&#8221; css=&#8221;.vc_custom_1510234075190{margin-right: 0px !important;margin-left: 0px !important;background-color: #ffffff !important;}&#8221;][vc_column width=&#8221;1\/3&#8243; el_class=&#8221;.center&#8221; offset=&#8221;vc_hidden-sm vc_hidden-xs&#8221;][vc_column_text el_class=&#8221;motdumaire&#8221;] \u00a0Mayor&#8217;s word [\/vc_column_text][\/vc_column][vc_column width=&#8221;2\/3&#8243; offset=&#8221;vc_hidden-sm vc_col-xs-12 vc_hidden-xs&#8221;][vc_column_text css_animation=&#8221;none&#8221;] Dear visitors, Welcome to our brand new website. We invite you to come back regularly to be informed [&hellip;]<\/p>\n","protected":false},"author":3,"featured_media":0,"parent":0,"menu_order":0,"comment_status":"closed","ping_status":"closed","template":"","meta":[],"_links":{"self":[{"href":"https:\/\/brigham.ca\/en\/wp-json\/wp\/v2\/pages\/944"}],"collection":[{"href":"https:\/\/brigham.ca\/en\/wp-json\/wp\/v2\/pages"}],"about":[{"href":"https:\/\/brigham.ca\/en\/wp-json\/wp\/v2\/types\/page"}],"author":[{"embeddable":true,"href":"https:\/\/brigham.ca\/en\/wp-json\/wp\/v2\/users\/3"}],"replies":[{"embeddable":true,"href":"https:\/\/brigham.ca\/en\/wp-json\/wp\/v2\/comments?post=944"}],"version-history":[{"count":9,"href":"https:\/\/brigham.ca\/en\/wp-json\/wp\/v2\/pages\/944\/revisions"}],"predecessor-version":[{"id":1924,"href":"https:\/\/brigham.ca\/en\/wp-json\/wp\/v2\/pages\/944\/revisions\/1924"}],"wp:attachment":[{"href":"https:\/\/brigham.ca\/en\/wp-json\/wp\/v2\/media?parent=944"}],"curies":[{"name":"wp","href":"https:\/\/api.w.org\/{rel}","templated":true}]}}